{"id":1096,"date":"2021-11-23T01:28:30","date_gmt":"2021-11-23T01:28:30","guid":{"rendered":"https:\/\/gaviaspreview.com\/wp\/orgarium\/cf-dashboard\/"},"modified":"2023-12-05T15:53:35","modified_gmt":"2023-12-05T15:53:35","slug":"fresh-wheat-sack-food","status":"publish","type":"page","link":"https:\/\/tamaratarsis.com\/index.php\/services\/fresh-wheat-sack-food\/","title":{"rendered":"Servi\u00e7os"},"content":{"rendered":"\t\t<div data-elementor-type=\"wp-page\" data-elementor-id=\"1096\" class=\"elementor elementor-1096\">\n\t\t\t\t\t\t<section class=\"elementor-section elementor-top-section elementor-element elementor-element-c074a60 elementor-section-boxed elementor-section-height-default elementor-section-height-default shape-bg-top-no\" data-id=\"c074a60\" data-element_type=\"section\" data-settings=\"{&quot;background_background&quot;:&quot;slideshow&quot;,&quot;background_slideshow_gallery&quot;:[{&quot;id&quot;:1672,&quot;url&quot;:&quot;https:\\\/\\\/tamaratarsis.com\\\/wp-content\\\/uploads\\\/2023\\\/10\\\/s6.jpeg&quot;},{&quot;id&quot;:1668,&quot;url&quot;:&quot;https:\\\/\\\/tamaratarsis.com\\\/wp-content\\\/uploads\\\/2023\\\/10\\\/s2.jpeg&quot;},{&quot;id&quot;:1669,&quot;url&quot;:&quot;https:\\\/\\\/tamaratarsis.com\\\/wp-content\\\/uploads\\\/2023\\\/10\\\/s3.jpeg&quot;},{&quot;id&quot;:1717,&quot;url&quot;:&quot;https:\\\/\\\/tamaratarsis.com\\\/wp-content\\\/uploads\\\/2021\\\/04\\\/p5.jpeg&quot;},{&quot;id&quot;:1709,&quot;url&quot;:&quot;https:\\\/\\\/tamaratarsis.com\\\/wp-content\\\/uploads\\\/2023\\\/10\\\/home_video.jpeg&quot;}],&quot;background_slideshow_ken_burns&quot;:&quot;yes&quot;,&quot;background_slideshow_loop&quot;:&quot;yes&quot;,&quot;background_slideshow_slide_duration&quot;:5000,&quot;background_slideshow_slide_transition&quot;:&quot;fade&quot;,&quot;background_slideshow_transition_duration&quot;:500,&quot;background_slideshow_ken_burns_zoom_direction&quot;:&quot;in&quot;}\">\n\t\t\t\t\t\t<div class=\"elementor-container elementor-column-gap-default\">\n\t\t\t\t\t<div class=\"elementor-column elementor-col-100 elementor-top-column elementor-element elementor-element-5330552\" data-id=\"5330552\" data-element_type=\"column\">\n\t\t\t<div class=\"elementor-widget-wrap elementor-element-populated\">\n\t\t\t\t\t\t<div class=\"elementor-element elementor-element-e2dbfce elementor-widget elementor-widget-gva-heading-block\" data-id=\"e2dbfce\" data-element_type=\"widget\" data-widget_type=\"gva-heading-block.default\">\n\t\t\t\t<div class=\"elementor-widget-container\">\n\t\t\t<div class=\"gva-element-gva-heading-block gva-element\">   <div class=\"align-left style-1 widget gsc-heading box-align-left auto-responsive\">\r\n      <div class=\"content-inner\">\r\n         \r\n                  \r\n           \r\n         \r\n                     <h2 class=\"title\">\r\n               <span>Servi\u00e7os<\/span>\r\n            <\/h2>\r\n                  \r\n         \r\n      <\/div>\r\n   <\/div>\r\n<\/div>\t\t<\/div>\n\t\t\t\t<\/div>\n\t\t\t\t\t<\/div>\n\t\t<\/div>\n\t\t\t\t\t<\/div>\n\t\t<\/section>\n\t\t\t\t<section class=\"elementor-section elementor-top-section elementor-element elementor-element-88af813 shape-bg-top-yes elementor-section-boxed elementor-section-height-default elementor-section-height-default shape-bg-bottom-no\" data-id=\"88af813\" data-element_type=\"section\">\n\t\t\t\t\t\t<div class=\"elementor-container elementor-column-gap-default\">\n\t\t\t\t\t<div class=\"elementor-column elementor-col-50 elementor-top-column elementor-element elementor-element-14bdb2d\" data-id=\"14bdb2d\" data-element_type=\"column\">\n\t\t\t<div class=\"elementor-widget-wrap elementor-element-populated\">\n\t\t\t\t\t\t<div class=\"elementor-element elementor-element-860cd3c elementor-widget__width-initial elementor-widget elementor-widget-gva-gallery\" data-id=\"860cd3c\" data-element_type=\"widget\" data-widget_type=\"gva-gallery.default\">\n\t\t\t\t<div class=\"elementor-widget-container\">\n\t\t\t<div class=\"gva-element-gva-gallery gva-element\">\r\n<div class=\"gva-gallery-carousel swiper-slider-wrapper style-1 \">\r\n\t<div class=\"swiper-content-inner\">\r\n   \t<div class=\"init-carousel-swiper swiper\" data-carousel=\"{&quot;items&quot;:1,&quot;items_lg&quot;:1,&quot;items_md&quot;:1,&quot;items_sm&quot;:1,&quot;items_xs&quot;:1,&quot;items_xx&quot;:1,&quot;effect&quot;:&quot;slide&quot;,&quot;space_between&quot;:30,&quot;loop&quot;:1,&quot;speed&quot;:600,&quot;autoplay&quot;:1,&quot;autoplay_delay&quot;:4500,&quot;autoplay_hover&quot;:1,&quot;navigation&quot;:1,&quot;pagination&quot;:0,&quot;dynamic_bullets&quot;:0,&quot;pagination_type&quot;:&quot;bullets&quot;}\">\r\n      \t<div class=\"swiper-wrapper\">\r\n\t\t\t\t<div class=\"swiper-slide item\">\r\n<div class=\"gallery-item\">\r\n\r\n               <div class=\"image\">\r\n            <img decoding=\"async\" src=\"https:\/\/tamaratarsis.com\/wp-content\/uploads\/2021\/04\/p1.jpeg\" alt=\"\" \/>  \r\n         <\/div>\r\n         <a class=\"photo-gallery\" href=\"https:\/\/tamaratarsis.com\/wp-content\/uploads\/2021\/04\/p1.jpeg\" data-elementor-lightbox-slideshow=\"gallery-habb\"><\/a>\r\n      \r\n      <div class=\"image-content\">\r\n         <div class=\"content-inner\">\r\n                                 <\/div>   \r\n      <\/div>\r\n\r\n   <\/div>\r\n<\/div>\t\t\t<\/div>\r\n\t\t<\/div>\r\n\t<\/div>\r\n\t<div class=\"swiper-pagination\"><\/div>   <div class=\"swiper-nav-next\"><\/div><div class=\"swiper-nav-prev\"><\/div><\/div>\r\n<\/div>\t\t<\/div>\n\t\t\t\t<\/div>\n\t\t\t\t<div class=\"elementor-element elementor-element-9c4078b elementor-widget elementor-widget-gva-heading-block\" data-id=\"9c4078b\" data-element_type=\"widget\" data-widget_type=\"gva-heading-block.default\">\n\t\t\t\t<div class=\"elementor-widget-container\">\n\t\t\t<div class=\"gva-element-gva-heading-block gva-element\">   <div class=\"align-left style-1 widget gsc-heading box-align-left auto-responsive\">\r\n      <div class=\"content-inner\">\r\n         \r\n                  \r\n           \r\n         \r\n                     <h2 class=\"title\">\r\n               <span>Gest\u00e3o de Propriedades Agropecu\u00e1rias<\/span>\r\n            <\/h2>\r\n                              <div class=\"title-desc\"><li style=\"text-align: justify\">Sendo a produ\u00e7\u00e3o agropecu\u00e1ria a principal respons\u00e1vel pelo abastecimento de alimentos, como frutas, verduras, legumes, carnes, ovos e leites, ela \u00e9 parte fundamental da economia de um pa\u00eds, pelo que uma gest\u00e3o, eficiente e rent\u00e1vel \u00e9 recomend\u00e1vel.\n<br \/><br \/>\n<li style=\"text-align: justify\">N\u00f3s colocamos \u00e0 disposi\u00e7\u00e3o da pecu\u00e1ria nacional nossa experi\u00eancia para auxiliar na melhoria da gest\u00e3o das suas unidades de produ\u00e7\u00e3o e maximizar a lucratividade dos investidores no sector agropecu\u00e1rio.\n<\/div>\r\n         \r\n         \r\n      <\/div>\r\n   <\/div>\r\n<\/div>\t\t<\/div>\n\t\t\t\t<\/div>\n\t\t\t\t\t<\/div>\n\t\t<\/div>\n\t\t\t\t<div class=\"elementor-column elementor-col-50 elementor-top-column elementor-element elementor-element-a7250c0\" data-id=\"a7250c0\" data-element_type=\"column\">\n\t\t\t<div class=\"elementor-widget-wrap elementor-element-populated\">\n\t\t\t\t\t\t<div class=\"elementor-element elementor-element-ea1902e elementor-widget__width-initial elementor-widget elementor-widget-gva-gallery\" data-id=\"ea1902e\" data-element_type=\"widget\" data-widget_type=\"gva-gallery.default\">\n\t\t\t\t<div class=\"elementor-widget-container\">\n\t\t\t<div class=\"gva-element-gva-gallery gva-element\">\r\n<div class=\"gva-gallery-carousel swiper-slider-wrapper style-1 \">\r\n\t<div class=\"swiper-content-inner\">\r\n   \t<div class=\"init-carousel-swiper swiper\" data-carousel=\"{&quot;items&quot;:1,&quot;items_lg&quot;:1,&quot;items_md&quot;:1,&quot;items_sm&quot;:1,&quot;items_xs&quot;:1,&quot;items_xx&quot;:1,&quot;effect&quot;:&quot;slide&quot;,&quot;space_between&quot;:30,&quot;loop&quot;:1,&quot;speed&quot;:600,&quot;autoplay&quot;:1,&quot;autoplay_delay&quot;:4500,&quot;autoplay_hover&quot;:1,&quot;navigation&quot;:1,&quot;pagination&quot;:0,&quot;dynamic_bullets&quot;:0,&quot;pagination_type&quot;:&quot;bullets&quot;}\">\r\n      \t<div class=\"swiper-wrapper\">\r\n\t\t\t\t<div class=\"swiper-slide item\">\r\n<div class=\"gallery-item\">\r\n\r\n               <div class=\"image\">\r\n            <img decoding=\"async\" src=\"https:\/\/tamaratarsis.com\/wp-content\/uploads\/2021\/04\/860-x-715_1.jpg\" alt=\"\" \/>  \r\n         <\/div>\r\n         <a class=\"photo-gallery\" href=\"https:\/\/tamaratarsis.com\/wp-content\/uploads\/2021\/04\/860-x-715_1.jpg\" data-elementor-lightbox-slideshow=\"gallery-s4m5\"><\/a>\r\n      \r\n      <div class=\"image-content\">\r\n         <div class=\"content-inner\">\r\n                                 <\/div>   \r\n      <\/div>\r\n\r\n   <\/div>\r\n<\/div>\t\t\t<\/div>\r\n\t\t<\/div>\r\n\t<\/div>\r\n\t<div class=\"swiper-pagination\"><\/div>   <div class=\"swiper-nav-next\"><\/div><div class=\"swiper-nav-prev\"><\/div><\/div>\r\n<\/div>\t\t<\/div>\n\t\t\t\t<\/div>\n\t\t\t\t<div class=\"elementor-element elementor-element-9a886fc elementor-widget elementor-widget-gva-heading-block\" data-id=\"9a886fc\" data-element_type=\"widget\" data-widget_type=\"gva-heading-block.default\">\n\t\t\t\t<div class=\"elementor-widget-container\">\n\t\t\t<div class=\"gva-element-gva-heading-block gva-element\">   <div class=\"align-left style-1 widget gsc-heading box-align-left auto-responsive\">\r\n      <div class=\"content-inner\">\r\n         \r\n                  \r\n           \r\n         \r\n                     <h2 class=\"title\">\r\n               <span>Melhoramento Gen\u00e9tico de Bovinos<\/span>\r\n            <\/h2>\r\n                              <div class=\"title-desc\"><li style=\"text-align: justify\">Os pecuaristas est\u00e3o cada vez mais a procura do melhor valor econ\u00f4mico para a actividade, assim atrav\u00e9s de m\u00e9todos precisos para melhorar os atributos dos nossos animais desenvolvemos desde 2021 um ambicioso projecto de selec\u00e7\u00e3o e produ\u00e7\u00e3o gen\u00e9tica melhorada de gado das ra\u00e7as Sindi e Nelore, que disponibilizamos ao mercado.\n<\/div>\r\n         \r\n         \r\n      <\/div>\r\n   <\/div>\r\n<\/div>\t\t<\/div>\n\t\t\t\t<\/div>\n\t\t\t\t\t<\/div>\n\t\t<\/div>\n\t\t\t\t\t<\/div>\n\t\t<\/section>\n\t\t\t\t<\/div>\n\t\t","protected":false},"excerpt":{"rendered":"<p>Servi\u00e7os Gest\u00e3o de Propriedades Agropecu\u00e1rias Sendo a produ\u00e7\u00e3o agropecu\u00e1ria a principal respons\u00e1vel pelo abastecimento de alimentos, como frutas, verduras, legumes, carnes, ovos e leites, ela \u00e9 parte fundamental da economia [&hellip;]<\/p>\n","protected":false},"author":2,"featured_media":0,"parent":161,"menu_order":0,"comment_status":"closed","ping_status":"closed","template":"","meta":{"footnotes":""},"class_list":["post-1096","page","type-page","status-publish","hentry"],"yoast_head":"<!-- This site is optimized with the Yoast SEO plugin v25.0 - https:\/\/yoast.com\/wordpress\/plugins\/seo\/ -->\n<title>Servi\u00e7os - Tamara Tarsis<\/title>\n<meta name=\"robots\" content=\"index, follow, max-snippet:-1, max-image-preview:large, max-video-preview:-1\" \/>\n<link rel=\"canonical\" href=\"https:\/\/tamaratarsis.com\/index.php\/services\/fresh-wheat-sack-food\/\" \/>\n<meta property=\"og:locale\" content=\"pt_PT\" \/>\n<meta property=\"og:type\" content=\"article\" \/>\n<meta property=\"og:title\" content=\"Servi\u00e7os - Tamara Tarsis\" \/>\n<meta property=\"og:description\" content=\"Servi\u00e7os Gest\u00e3o de Propriedades Agropecu\u00e1rias Sendo a produ\u00e7\u00e3o agropecu\u00e1ria a principal respons\u00e1vel pelo abastecimento de alimentos, como frutas, verduras, legumes, carnes, ovos e leites, ela \u00e9 parte fundamental da economia [&hellip;]\" \/>\n<meta property=\"og:url\" content=\"https:\/\/tamaratarsis.com\/index.php\/services\/fresh-wheat-sack-food\/\" \/>\n<meta property=\"og:site_name\" content=\"Tamara Tarsis\" \/>\n<meta property=\"article:modified_time\" content=\"2023-12-05T15:53:35+00:00\" \/>\n<meta property=\"og:image\" content=\"https:\/\/tamaratarsis.com\/wp-content\/uploads\/2021\/04\/p1.jpeg\" \/>\n<meta name=\"twitter:card\" content=\"summary_large_image\" \/>\n<meta name=\"twitter:label1\" content=\"Tempo estimado de leitura\" \/>\n\t<meta name=\"twitter:data1\" content=\"1 minuto\" \/>\n<script type=\"application\/ld+json\" class=\"yoast-schema-graph\">{\"@context\":\"https:\/\/schema.org\",\"@graph\":[{\"@type\":\"WebPage\",\"@id\":\"https:\/\/tamaratarsis.com\/index.php\/services\/fresh-wheat-sack-food\/\",\"url\":\"https:\/\/tamaratarsis.com\/index.php\/services\/fresh-wheat-sack-food\/\",\"name\":\"Servi\u00e7os - Tamara Tarsis\",\"isPartOf\":{\"@id\":\"https:\/\/tamaratarsis.com\/#website\"},\"primaryImageOfPage\":{\"@id\":\"https:\/\/tamaratarsis.com\/index.php\/services\/fresh-wheat-sack-food\/#primaryimage\"},\"image\":{\"@id\":\"https:\/\/tamaratarsis.com\/index.php\/services\/fresh-wheat-sack-food\/#primaryimage\"},\"thumbnailUrl\":\"https:\/\/tamaratarsis.com\/wp-content\/uploads\/2021\/04\/p1.jpeg\",\"datePublished\":\"2021-11-23T01:28:30+00:00\",\"dateModified\":\"2023-12-05T15:53:35+00:00\",\"breadcrumb\":{\"@id\":\"https:\/\/tamaratarsis.com\/index.php\/services\/fresh-wheat-sack-food\/#breadcrumb\"},\"inLanguage\":\"pt-PT\",\"potentialAction\":[{\"@type\":\"ReadAction\",\"target\":[\"https:\/\/tamaratarsis.com\/index.php\/services\/fresh-wheat-sack-food\/\"]}]},{\"@type\":\"ImageObject\",\"inLanguage\":\"pt-PT\",\"@id\":\"https:\/\/tamaratarsis.com\/index.php\/services\/fresh-wheat-sack-food\/#primaryimage\",\"url\":\"https:\/\/tamaratarsis.com\/wp-content\/uploads\/2021\/04\/p1.jpeg\",\"contentUrl\":\"https:\/\/tamaratarsis.com\/wp-content\/uploads\/2021\/04\/p1.jpeg\",\"width\":860,\"height\":715},{\"@type\":\"BreadcrumbList\",\"@id\":\"https:\/\/tamaratarsis.com\/index.php\/services\/fresh-wheat-sack-food\/#breadcrumb\",\"itemListElement\":[{\"@type\":\"ListItem\",\"position\":1,\"name\":\"In\u00edcio\",\"item\":\"https:\/\/tamaratarsis.com\/\"},{\"@type\":\"ListItem\",\"position\":2,\"name\":\"Services\",\"item\":\"https:\/\/tamaratarsis.com\/index.php\/services\/\"},{\"@type\":\"ListItem\",\"position\":3,\"name\":\"Servi\u00e7os\"}]},{\"@type\":\"WebSite\",\"@id\":\"https:\/\/tamaratarsis.com\/#website\",\"url\":\"https:\/\/tamaratarsis.com\/\",\"name\":\"Tamara Tarsis\",\"description\":\"EMPREENDIMENTOS\",\"publisher\":{\"@id\":\"https:\/\/tamaratarsis.com\/#organization\"},\"potentialAction\":[{\"@type\":\"SearchAction\",\"target\":{\"@type\":\"EntryPoint\",\"urlTemplate\":\"https:\/\/tamaratarsis.com\/?s={search_term_string}\"},\"query-input\":{\"@type\":\"PropertyValueSpecification\",\"valueRequired\":true,\"valueName\":\"search_term_string\"}}],\"inLanguage\":\"pt-PT\"},{\"@type\":\"Organization\",\"@id\":\"https:\/\/tamaratarsis.com\/#organization\",\"name\":\"Tamara Tarsis\",\"url\":\"https:\/\/tamaratarsis.com\/\",\"logo\":{\"@type\":\"ImageObject\",\"inLanguage\":\"pt-PT\",\"@id\":\"https:\/\/tamaratarsis.com\/#\/schema\/logo\/image\/\",\"url\":\"https:\/\/tamaratarsis.com\/wp-content\/uploads\/2021\/10\/logoLA.png\",\"contentUrl\":\"https:\/\/tamaratarsis.com\/wp-content\/uploads\/2021\/10\/logoLA.png\",\"width\":282,\"height\":80,\"caption\":\"Tamara Tarsis\"},\"image\":{\"@id\":\"https:\/\/tamaratarsis.com\/#\/schema\/logo\/image\/\"},\"sameAs\":[\"https:\/\/www.facebook.com\/profile.php?id=61552603379270&mibextid=LQQJ4d\",\"https:\/\/www.instagram.com\/sindi.ludy?igsh=NGVhN2U2NjQ0Yg\"]}]}<\/script>\n<!-- \/ Yoast SEO plugin. -->","yoast_head_json":{"title":"Servi\u00e7os - Tamara Tarsis","robots":{"index":"index","follow":"follow","max-snippet":"max-snippet:-1","max-image-preview":"max-image-preview:large","max-video-preview":"max-video-preview:-1"},"canonical":"https:\/\/tamaratarsis.com\/index.php\/services\/fresh-wheat-sack-food\/","og_locale":"pt_PT","og_type":"article","og_title":"Servi\u00e7os - Tamara Tarsis","og_description":"Servi\u00e7os Gest\u00e3o de Propriedades Agropecu\u00e1rias Sendo a produ\u00e7\u00e3o agropecu\u00e1ria a principal respons\u00e1vel pelo abastecimento de alimentos, como frutas, verduras, legumes, carnes, ovos e leites, ela \u00e9 parte fundamental da economia [&hellip;]","og_url":"https:\/\/tamaratarsis.com\/index.php\/services\/fresh-wheat-sack-food\/","og_site_name":"Tamara Tarsis","article_modified_time":"2023-12-05T15:53:35+00:00","og_image":[{"url":"https:\/\/tamaratarsis.com\/wp-content\/uploads\/2021\/04\/p1.jpeg","type":"","width":"","height":""}],"twitter_card":"summary_large_image","twitter_misc":{"Tempo estimado de leitura":"1 minuto"},"schema":{"@context":"https:\/\/schema.org","@graph":[{"@type":"WebPage","@id":"https:\/\/tamaratarsis.com\/index.php\/services\/fresh-wheat-sack-food\/","url":"https:\/\/tamaratarsis.com\/index.php\/services\/fresh-wheat-sack-food\/","name":"Servi\u00e7os - Tamara Tarsis","isPartOf":{"@id":"https:\/\/tamaratarsis.com\/#website"},"primaryImageOfPage":{"@id":"https:\/\/tamaratarsis.com\/index.php\/services\/fresh-wheat-sack-food\/#primaryimage"},"image":{"@id":"https:\/\/tamaratarsis.com\/index.php\/services\/fresh-wheat-sack-food\/#primaryimage"},"thumbnailUrl":"https:\/\/tamaratarsis.com\/wp-content\/uploads\/2021\/04\/p1.jpeg","datePublished":"2021-11-23T01:28:30+00:00","dateModified":"2023-12-05T15:53:35+00:00","breadcrumb":{"@id":"https:\/\/tamaratarsis.com\/index.php\/services\/fresh-wheat-sack-food\/#breadcrumb"},"inLanguage":"pt-PT","potentialAction":[{"@type":"ReadAction","target":["https:\/\/tamaratarsis.com\/index.php\/services\/fresh-wheat-sack-food\/"]}]},{"@type":"ImageObject","inLanguage":"pt-PT","@id":"https:\/\/tamaratarsis.com\/index.php\/services\/fresh-wheat-sack-food\/#primaryimage","url":"https:\/\/tamaratarsis.com\/wp-content\/uploads\/2021\/04\/p1.jpeg","contentUrl":"https:\/\/tamaratarsis.com\/wp-content\/uploads\/2021\/04\/p1.jpeg","width":860,"height":715},{"@type":"BreadcrumbList","@id":"https:\/\/tamaratarsis.com\/index.php\/services\/fresh-wheat-sack-food\/#breadcrumb","itemListElement":[{"@type":"ListItem","position":1,"name":"In\u00edcio","item":"https:\/\/tamaratarsis.com\/"},{"@type":"ListItem","position":2,"name":"Services","item":"https:\/\/tamaratarsis.com\/index.php\/services\/"},{"@type":"ListItem","position":3,"name":"Servi\u00e7os"}]},{"@type":"WebSite","@id":"https:\/\/tamaratarsis.com\/#website","url":"https:\/\/tamaratarsis.com\/","name":"Tamara Tarsis","description":"EMPREENDIMENTOS","publisher":{"@id":"https:\/\/tamaratarsis.com\/#organization"},"potentialAction":[{"@type":"SearchAction","target":{"@type":"EntryPoint","urlTemplate":"https:\/\/tamaratarsis.com\/?s={search_term_string}"},"query-input":{"@type":"PropertyValueSpecification","valueRequired":true,"valueName":"search_term_string"}}],"inLanguage":"pt-PT"},{"@type":"Organization","@id":"https:\/\/tamaratarsis.com\/#organization","name":"Tamara Tarsis","url":"https:\/\/tamaratarsis.com\/","logo":{"@type":"ImageObject","inLanguage":"pt-PT","@id":"https:\/\/tamaratarsis.com\/#\/schema\/logo\/image\/","url":"https:\/\/tamaratarsis.com\/wp-content\/uploads\/2021\/10\/logoLA.png","contentUrl":"https:\/\/tamaratarsis.com\/wp-content\/uploads\/2021\/10\/logoLA.png","width":282,"height":80,"caption":"Tamara Tarsis"},"image":{"@id":"https:\/\/tamaratarsis.com\/#\/schema\/logo\/image\/"},"sameAs":["https:\/\/www.facebook.com\/profile.php?id=61552603379270&mibextid=LQQJ4d","https:\/\/www.instagram.com\/sindi.ludy?igsh=NGVhN2U2NjQ0Yg"]}]}},"_links":{"self":[{"href":"https:\/\/tamaratarsis.com\/index.php\/wp-json\/wp\/v2\/pages\/1096","targetHints":{"allow":["GET"]}}],"collection":[{"href":"https:\/\/tamaratarsis.com\/index.php\/wp-json\/wp\/v2\/pages"}],"about":[{"href":"https:\/\/tamaratarsis.com\/index.php\/wp-json\/wp\/v2\/types\/page"}],"author":[{"embeddable":true,"href":"https:\/\/tamaratarsis.com\/index.php\/wp-json\/wp\/v2\/users\/2"}],"replies":[{"embeddable":true,"href":"https:\/\/tamaratarsis.com\/index.php\/wp-json\/wp\/v2\/comments?post=1096"}],"version-history":[{"count":13,"href":"https:\/\/tamaratarsis.com\/index.php\/wp-json\/wp\/v2\/pages\/1096\/revisions"}],"predecessor-version":[{"id":1989,"href":"https:\/\/tamaratarsis.com\/index.php\/wp-json\/wp\/v2\/pages\/1096\/revisions\/1989"}],"up":[{"embeddable":true,"href":"https:\/\/tamaratarsis.com\/index.php\/wp-json\/wp\/v2\/pages\/161"}],"wp:attachment":[{"href":"https:\/\/tamaratarsis.com\/index.php\/wp-json\/wp\/v2\/media?parent=1096"}],"curies":[{"name":"wp","href":"https:\/\/api.w.org\/{rel}","templated":true}]}}