{"id":1284,"date":"2022-01-11T02:22:52","date_gmt":"2022-01-11T02:22:52","guid":{"rendered":"https:\/\/gaviaspreview.com\/wp\/orgarium\/?page_id=1284"},"modified":"2023-12-05T15:54:48","modified_gmt":"2023-12-05T15:54:48","slug":"service-3","status":"publish","type":"page","link":"https:\/\/tamaratarsis.com\/index.php\/service-3\/","title":{"rendered":"Projectos"},"content":{"rendered":"\t\t<div data-elementor-type=\"wp-page\" data-elementor-id=\"1284\" class=\"elementor elementor-1284\">\n\t\t\t\t\t\t<section class=\"elementor-section elementor-top-section elementor-element elementor-element-4b67a8a elementor-section-boxed elementor-section-height-default elementor-section-height-default shape-bg-top-no\" data-id=\"4b67a8a\" data-element_type=\"section\" data-settings=\"{&quot;background_background&quot;:&quot;slideshow&quot;,&quot;background_slideshow_gallery&quot;:[{&quot;id&quot;:1671,&quot;url&quot;:&quot;https:\\\/\\\/tamaratarsis.com\\\/wp-content\\\/uploads\\\/2023\\\/10\\\/s5.jpeg&quot;},{&quot;id&quot;:1668,&quot;url&quot;:&quot;https:\\\/\\\/tamaratarsis.com\\\/wp-content\\\/uploads\\\/2023\\\/10\\\/s2.jpeg&quot;},{&quot;id&quot;:1667,&quot;url&quot;:&quot;https:\\\/\\\/tamaratarsis.com\\\/wp-content\\\/uploads\\\/2023\\\/10\\\/s1.jpeg&quot;}],&quot;background_slideshow_ken_burns&quot;:&quot;yes&quot;,&quot;background_slideshow_loop&quot;:&quot;yes&quot;,&quot;background_slideshow_slide_duration&quot;:5000,&quot;background_slideshow_slide_transition&quot;:&quot;fade&quot;,&quot;background_slideshow_transition_duration&quot;:500,&quot;background_slideshow_ken_burns_zoom_direction&quot;:&quot;in&quot;}\">\n\t\t\t\t\t\t<div class=\"elementor-container elementor-column-gap-default\">\n\t\t\t\t\t<div class=\"elementor-column elementor-col-100 elementor-top-column elementor-element elementor-element-5dc937c\" data-id=\"5dc937c\" data-element_type=\"column\">\n\t\t\t<div class=\"elementor-widget-wrap elementor-element-populated\">\n\t\t\t\t\t\t<div class=\"elementor-element elementor-element-2ab4387 elementor-widget elementor-widget-gva-heading-block\" data-id=\"2ab4387\" data-element_type=\"widget\" data-widget_type=\"gva-heading-block.default\">\n\t\t\t\t<div class=\"elementor-widget-container\">\n\t\t\t<div class=\"gva-element-gva-heading-block gva-element\">   <div class=\"align-left style-1 widget gsc-heading box-align-left auto-responsive\">\r\n      <div class=\"content-inner\">\r\n         \r\n                  \r\n           \r\n         \r\n                     <h2 class=\"title\">\r\n               <span>Empreendimentos<\/span>\r\n            <\/h2>\r\n                  \r\n         \r\n      <\/div>\r\n   <\/div>\r\n<\/div>\t\t<\/div>\n\t\t\t\t<\/div>\n\t\t\t\t\t<\/div>\n\t\t<\/div>\n\t\t\t\t\t<\/div>\n\t\t<\/section>\n\t\t\t\t<section class=\"elementor-section elementor-top-section elementor-element elementor-element-fc0d6db elementor-section-boxed elementor-section-height-default elementor-section-height-default shape-bg-top-no shape-bg-bottom-no\" data-id=\"fc0d6db\" data-element_type=\"section\" data-settings=\"{&quot;background_background&quot;:&quot;classic&quot;}\">\n\t\t\t\t\t\t<div class=\"elementor-container elementor-column-gap-default\">\n\t\t\t\t\t<div class=\"elementor-column elementor-col-100 elementor-top-column elementor-element elementor-element-f8d1cac\" data-id=\"f8d1cac\" data-element_type=\"column\">\n\t\t\t<div class=\"elementor-widget-wrap elementor-element-populated\">\n\t\t\t\t\t\t<div class=\"elementor-element elementor-element-7fea3de elementor-widget elementor-widget-gva-services-group\" data-id=\"7fea3de\" data-element_type=\"widget\" data-widget_type=\"gva-services-group.default\">\n\t\t\t\t<div class=\"elementor-widget-container\">\n\t\t\t<div class=\"gva-element-gva-services-group gva-element\">\r\n<div class=\"swiper-slider-wrapper gsc-services-group layout-carousel style-3 \">\r\n   <div class=\"swiper-content-inner\">   \r\n      <div class=\"init-carousel-swiper swiper\" data-carousel=\"{&quot;items&quot;:3,&quot;items_lg&quot;:3,&quot;items_md&quot;:3,&quot;items_sm&quot;:2,&quot;items_xs&quot;:2,&quot;items_xx&quot;:1,&quot;effect&quot;:&quot;slide&quot;,&quot;space_between&quot;:30,&quot;loop&quot;:1,&quot;speed&quot;:600,&quot;autoplay&quot;:0,&quot;autoplay_delay&quot;:4500,&quot;autoplay_hover&quot;:1,&quot;navigation&quot;:1,&quot;pagination&quot;:0,&quot;dynamic_bullets&quot;:0,&quot;pagination_type&quot;:&quot;bullets&quot;}\">\r\n         <div class=\"swiper-wrapper\">\r\n                           <div class=\"swiper-slide\">\r\n                  \r\n\t\r\n\r\n\t\r\n\r\n\r\n   <div class=\"service-item style-3\">\r\n      <div class=\"service-item-content\">\r\n      \t\r\n      \t\t\t      <div class=\"service-image\">\r\n\t      \t\t<img fetchpriority=\"high\" decoding=\"async\" width=\"860\" height=\"715\" src=\"https:\/\/tamaratarsis.com\/wp-content\/uploads\/2021\/04\/860-x-715_1-600x540.jpg\" alt=\"Fazenda Kufikissa II\" \/>  \r\n\t\t\t\t\t\t\t  <a href=\"https:\/\/tamaratarsis.com\/index.php\/case\/fazenda-kufikissa-ii\/\" class=\"link-overlay\"><\/a>\r\n\t\t   \r\n\t\t      <\/div>\r\n\t\t   \r\n\t\t   <div class=\"service-content\">\r\n\t\t\t\t\t\t\t\t\t<h3 class=\"title\">\r\n\t\t\t\t\t\t\t\t  <a href=\"https:\/\/tamaratarsis.com\/index.php\/case\/fazenda-kufikissa-ii\/\">\r\n\t\t\t Fazenda Kufikissa II\t\t  <\/a>\r\n\t\t  \t\t\t\t\t<\/h3>\r\n\t\t\t\t\r\n\t\t\t\t\t\t\t\t\t<div class=\"desc\">Sendo a primeira do grupo, concentramos nela a reprodu\u00e7\u00e3o animal, ou seja, a produ\u00e7\u00e3o das prenhezes.<\/div>\r\n\t\t\t\t\r\n\t\t\t\t<div class=\"read-more\">\r\n               \t\t  <a href=\"https:\/\/tamaratarsis.com\/index.php\/case\/fazenda-kufikissa-ii\/\" class=\"btn-inline btn-read-more\">\r\n\t\t\t Ler Mais\t\t  <\/a>\r\n\t\t                 \t\t  <a href=\"https:\/\/tamaratarsis.com\/index.php\/case\/fazenda-kufikissa-ii\/\" class=\"arrow-read-more\">\r\n\t\t\t <i class=\"las la-arrow-right\"><\/i>\t\t  <\/a>\r\n\t\t              <\/div>\r\n\t\t\t<\/div>\r\n\r\n\t\t<\/div>\r\n\t<\/div>\r\n\r\n               <\/div>\r\n                           <div class=\"swiper-slide\">\r\n                  \r\n\t\r\n\r\n\t\r\n\r\n\r\n   <div class=\"service-item style-3\">\r\n      <div class=\"service-item-content\">\r\n      \t\r\n      \t\t\t      <div class=\"service-image\">\r\n\t      \t\t<img decoding=\"async\" width=\"860\" height=\"715\" src=\"https:\/\/tamaratarsis.com\/wp-content\/uploads\/2021\/04\/860-x-715_2-600x540.jpg\" alt=\"Fazenda Kututumbe\" \/>  \r\n\t\t\t\t\t\t\t  <a href=\"https:\/\/tamaratarsis.com\/index.php\/case\/fazenda-kututumbe\/\" class=\"link-overlay\"><\/a>\r\n\t\t   \r\n\t\t      <\/div>\r\n\t\t   \r\n\t\t   <div class=\"service-content\">\r\n\t\t\t\t\t\t\t\t\t<h3 class=\"title\">\r\n\t\t\t\t\t\t\t\t  <a href=\"https:\/\/tamaratarsis.com\/index.php\/case\/fazenda-kututumbe\/\">\r\n\t\t\t Fazenda Kututumbe\t\t  <\/a>\r\n\t\t  \t\t\t\t\t<\/h3>\r\n\t\t\t\t\r\n\t\t\t\t\t\t\t\t\t<div class=\"desc\">A fazenda de recria, recebe novilhas para futuras matrizes e animais n\u00e3o comercializados p\u00f3s-desmame. <\/div>\r\n\t\t\t\t\r\n\t\t\t\t<div class=\"read-more\">\r\n               \t\t  <a href=\"https:\/\/tamaratarsis.com\/index.php\/case\/fazenda-kututumbe\/\" class=\"btn-inline btn-read-more\">\r\n\t\t\t Ler Mais\t\t  <\/a>\r\n\t\t                 \t\t  <a href=\"https:\/\/tamaratarsis.com\/index.php\/case\/fazenda-kututumbe\/\" class=\"arrow-read-more\">\r\n\t\t\t <i class=\"las la-arrow-right\"><\/i>\t\t  <\/a>\r\n\t\t              <\/div>\r\n\t\t\t<\/div>\r\n\r\n\t\t<\/div>\r\n\t<\/div>\r\n\r\n               <\/div>\r\n                           <div class=\"swiper-slide\">\r\n                  \r\n\t\r\n\r\n\t\r\n\r\n\r\n   <div class=\"service-item style-3\">\r\n      <div class=\"service-item-content\">\r\n      \t\r\n      \t\t\t      <div class=\"service-image\">\r\n\t      \t\t<img decoding=\"async\" width=\"1000\" height=\"800\" src=\"https:\/\/tamaratarsis.com\/wp-content\/uploads\/2020\/03\/n1-600x540.jpeg\" alt=\"Sindi Ludy\" \/>  \r\n\t\t\t\t\t\t\t  <a href=\"https:\/\/tamaratarsis.com\/index.php\/case\/sindi-ludy\/\" class=\"link-overlay\"><\/a>\r\n\t\t   \r\n\t\t      <\/div>\r\n\t\t   \r\n\t\t   <div class=\"service-content\">\r\n\t\t\t\t\t\t\t\t\t<h3 class=\"title\">\r\n\t\t\t\t\t\t\t\t  <a href=\"https:\/\/tamaratarsis.com\/index.php\/case\/sindi-ludy\/\">\r\n\t\t\t Sindi Ludy\t\t  <\/a>\r\n\t\t  \t\t\t\t\t<\/h3>\r\n\t\t\t\t\r\n\t\t\t\t\t\t\t\t\t<div class=\"desc\">Focados na produ\u00e7\u00e3o de animais mais eficientes na convers\u00e3o alimentar com o menor consumo, acabamento e com alto rendimento.<\/div>\r\n\t\t\t\t\r\n\t\t\t\t<div class=\"read-more\">\r\n               \t\t  <a href=\"https:\/\/tamaratarsis.com\/index.php\/case\/sindi-ludy\/\" class=\"btn-inline btn-read-more\">\r\n\t\t\t Ler Mais\t\t  <\/a>\r\n\t\t                 \t\t  <a href=\"https:\/\/tamaratarsis.com\/index.php\/case\/sindi-ludy\/\" class=\"arrow-read-more\">\r\n\t\t\t <i class=\"las la-arrow-right\"><\/i>\t\t  <\/a>\r\n\t\t              <\/div>\r\n\t\t\t<\/div>\r\n\r\n\t\t<\/div>\r\n\t<\/div>\r\n\r\n               <\/div>\r\n                     <\/div> \r\n      <\/div>\r\n   <\/div>   \r\n   <div class=\"swiper-pagination\"><\/div>   <div class=\"swiper-nav-next\"><\/div><div class=\"swiper-nav-prev\"><\/div><\/div>\r\n<\/div>\t\t<\/div>\n\t\t\t\t<\/div>\n\t\t\t\t\t<\/div>\n\t\t<\/div>\n\t\t\t\t\t<\/div>\n\t\t<\/section>\n\t\t\t\t<\/div>\n\t\t","protected":false},"excerpt":{"rendered":"<p>Empreendimentos Fazenda Kufikissa II Sendo a primeira do grupo, concentramos nela a reprodu\u00e7\u00e3o animal, ou seja, a produ\u00e7\u00e3o das prenhezes. Ler Mais Fazenda Kututumbe A fazenda de recria, recebe novilhas [&hellip;]<\/p>\n","protected":false},"author":2,"featured_media":0,"parent":0,"menu_order":0,"comment_status":"closed","ping_status":"closed","template":"","meta":{"footnotes":""},"class_list":["post-1284","page","type-page","status-publish","hentry"],"yoast_head":"<!-- This site is optimized with the Yoast SEO plugin v25.0 - https:\/\/yoast.com\/wordpress\/plugins\/seo\/ -->\n<title>Projectos - Tamara Tarsis<\/title>\n<meta name=\"robots\" content=\"index, follow, max-snippet:-1, max-image-preview:large, max-video-preview:-1\" \/>\n<link rel=\"canonical\" href=\"https:\/\/tamaratarsis.com\/index.php\/service-3\/\" \/>\n<meta property=\"og:locale\" content=\"pt_PT\" \/>\n<meta property=\"og:type\" content=\"article\" \/>\n<meta property=\"og:title\" content=\"Projectos - Tamara Tarsis\" \/>\n<meta property=\"og:description\" content=\"Empreendimentos Fazenda Kufikissa II Sendo a primeira do grupo, concentramos nela a reprodu\u00e7\u00e3o animal, ou seja, a produ\u00e7\u00e3o das prenhezes. Ler Mais Fazenda Kututumbe A fazenda de recria, recebe novilhas [&hellip;]\" \/>\n<meta property=\"og:url\" content=\"https:\/\/tamaratarsis.com\/index.php\/service-3\/\" \/>\n<meta property=\"og:site_name\" content=\"Tamara Tarsis\" \/>\n<meta property=\"article:modified_time\" content=\"2023-12-05T15:54:48+00:00\" \/>\n<meta property=\"og:image\" content=\"https:\/\/tamaratarsis.com\/wp-content\/uploads\/2021\/04\/860-x-715_1-600x540.jpg\" \/>\n<meta name=\"twitter:card\" content=\"summary_large_image\" \/>\n<script type=\"application\/ld+json\" class=\"yoast-schema-graph\">{\"@context\":\"https:\/\/schema.org\",\"@graph\":[{\"@type\":\"WebPage\",\"@id\":\"https:\/\/tamaratarsis.com\/index.php\/service-3\/\",\"url\":\"https:\/\/tamaratarsis.com\/index.php\/service-3\/\",\"name\":\"Projectos - Tamara Tarsis\",\"isPartOf\":{\"@id\":\"https:\/\/tamaratarsis.com\/#website\"},\"primaryImageOfPage\":{\"@id\":\"https:\/\/tamaratarsis.com\/index.php\/service-3\/#primaryimage\"},\"image\":{\"@id\":\"https:\/\/tamaratarsis.com\/index.php\/service-3\/#primaryimage\"},\"thumbnailUrl\":\"https:\/\/tamaratarsis.com\/wp-content\/uploads\/2021\/04\/860-x-715_1-600x540.jpg\",\"datePublished\":\"2022-01-11T02:22:52+00:00\",\"dateModified\":\"2023-12-05T15:54:48+00:00\",\"breadcrumb\":{\"@id\":\"https:\/\/tamaratarsis.com\/index.php\/service-3\/#breadcrumb\"},\"inLanguage\":\"pt-PT\",\"potentialAction\":[{\"@type\":\"ReadAction\",\"target\":[\"https:\/\/tamaratarsis.com\/index.php\/service-3\/\"]}]},{\"@type\":\"ImageObject\",\"inLanguage\":\"pt-PT\",\"@id\":\"https:\/\/tamaratarsis.com\/index.php\/service-3\/#primaryimage\",\"url\":\"https:\/\/tamaratarsis.com\/wp-content\/uploads\/2021\/04\/860-x-715_1.jpg\",\"contentUrl\":\"https:\/\/tamaratarsis.com\/wp-content\/uploads\/2021\/04\/860-x-715_1.jpg\",\"width\":860,\"height\":715},{\"@type\":\"BreadcrumbList\",\"@id\":\"https:\/\/tamaratarsis.com\/index.php\/service-3\/#breadcrumb\",\"itemListElement\":[{\"@type\":\"ListItem\",\"position\":1,\"name\":\"In\u00edcio\",\"item\":\"https:\/\/tamaratarsis.com\/\"},{\"@type\":\"ListItem\",\"position\":2,\"name\":\"Projectos\"}]},{\"@type\":\"WebSite\",\"@id\":\"https:\/\/tamaratarsis.com\/#website\",\"url\":\"https:\/\/tamaratarsis.com\/\",\"name\":\"Tamara Tarsis\",\"description\":\"EMPREENDIMENTOS\",\"publisher\":{\"@id\":\"https:\/\/tamaratarsis.com\/#organization\"},\"potentialAction\":[{\"@type\":\"SearchAction\",\"target\":{\"@type\":\"EntryPoint\",\"urlTemplate\":\"https:\/\/tamaratarsis.com\/?s={search_term_string}\"},\"query-input\":{\"@type\":\"PropertyValueSpecification\",\"valueRequired\":true,\"valueName\":\"search_term_string\"}}],\"inLanguage\":\"pt-PT\"},{\"@type\":\"Organization\",\"@id\":\"https:\/\/tamaratarsis.com\/#organization\",\"name\":\"Tamara Tarsis\",\"url\":\"https:\/\/tamaratarsis.com\/\",\"logo\":{\"@type\":\"ImageObject\",\"inLanguage\":\"pt-PT\",\"@id\":\"https:\/\/tamaratarsis.com\/#\/schema\/logo\/image\/\",\"url\":\"https:\/\/tamaratarsis.com\/wp-content\/uploads\/2021\/10\/logoLA.png\",\"contentUrl\":\"https:\/\/tamaratarsis.com\/wp-content\/uploads\/2021\/10\/logoLA.png\",\"width\":282,\"height\":80,\"caption\":\"Tamara Tarsis\"},\"image\":{\"@id\":\"https:\/\/tamaratarsis.com\/#\/schema\/logo\/image\/\"},\"sameAs\":[\"https:\/\/www.facebook.com\/profile.php?id=61552603379270&mibextid=LQQJ4d\",\"https:\/\/www.instagram.com\/sindi.ludy?igsh=NGVhN2U2NjQ0Yg\"]}]}<\/script>\n<!-- \/ Yoast SEO plugin. -->","yoast_head_json":{"title":"Projectos - Tamara Tarsis","robots":{"index":"index","follow":"follow","max-snippet":"max-snippet:-1","max-image-preview":"max-image-preview:large","max-video-preview":"max-video-preview:-1"},"canonical":"https:\/\/tamaratarsis.com\/index.php\/service-3\/","og_locale":"pt_PT","og_type":"article","og_title":"Projectos - Tamara Tarsis","og_description":"Empreendimentos Fazenda Kufikissa II Sendo a primeira do grupo, concentramos nela a reprodu\u00e7\u00e3o animal, ou seja, a produ\u00e7\u00e3o das prenhezes. Ler Mais Fazenda Kututumbe A fazenda de recria, recebe novilhas [&hellip;]","og_url":"https:\/\/tamaratarsis.com\/index.php\/service-3\/","og_site_name":"Tamara Tarsis","article_modified_time":"2023-12-05T15:54:48+00:00","og_image":[{"url":"https:\/\/tamaratarsis.com\/wp-content\/uploads\/2021\/04\/860-x-715_1-600x540.jpg","type":"","width":"","height":""}],"twitter_card":"summary_large_image","schema":{"@context":"https:\/\/schema.org","@graph":[{"@type":"WebPage","@id":"https:\/\/tamaratarsis.com\/index.php\/service-3\/","url":"https:\/\/tamaratarsis.com\/index.php\/service-3\/","name":"Projectos - Tamara Tarsis","isPartOf":{"@id":"https:\/\/tamaratarsis.com\/#website"},"primaryImageOfPage":{"@id":"https:\/\/tamaratarsis.com\/index.php\/service-3\/#primaryimage"},"image":{"@id":"https:\/\/tamaratarsis.com\/index.php\/service-3\/#primaryimage"},"thumbnailUrl":"https:\/\/tamaratarsis.com\/wp-content\/uploads\/2021\/04\/860-x-715_1-600x540.jpg","datePublished":"2022-01-11T02:22:52+00:00","dateModified":"2023-12-05T15:54:48+00:00","breadcrumb":{"@id":"https:\/\/tamaratarsis.com\/index.php\/service-3\/#breadcrumb"},"inLanguage":"pt-PT","potentialAction":[{"@type":"ReadAction","target":["https:\/\/tamaratarsis.com\/index.php\/service-3\/"]}]},{"@type":"ImageObject","inLanguage":"pt-PT","@id":"https:\/\/tamaratarsis.com\/index.php\/service-3\/#primaryimage","url":"https:\/\/tamaratarsis.com\/wp-content\/uploads\/2021\/04\/860-x-715_1.jpg","contentUrl":"https:\/\/tamaratarsis.com\/wp-content\/uploads\/2021\/04\/860-x-715_1.jpg","width":860,"height":715},{"@type":"BreadcrumbList","@id":"https:\/\/tamaratarsis.com\/index.php\/service-3\/#breadcrumb","itemListElement":[{"@type":"ListItem","position":1,"name":"In\u00edcio","item":"https:\/\/tamaratarsis.com\/"},{"@type":"ListItem","position":2,"name":"Projectos"}]},{"@type":"WebSite","@id":"https:\/\/tamaratarsis.com\/#website","url":"https:\/\/tamaratarsis.com\/","name":"Tamara Tarsis","description":"EMPREENDIMENTOS","publisher":{"@id":"https:\/\/tamaratarsis.com\/#organization"},"potentialAction":[{"@type":"SearchAction","target":{"@type":"EntryPoint","urlTemplate":"https:\/\/tamaratarsis.com\/?s={search_term_string}"},"query-input":{"@type":"PropertyValueSpecification","valueRequired":true,"valueName":"search_term_string"}}],"inLanguage":"pt-PT"},{"@type":"Organization","@id":"https:\/\/tamaratarsis.com\/#organization","name":"Tamara Tarsis","url":"https:\/\/tamaratarsis.com\/","logo":{"@type":"ImageObject","inLanguage":"pt-PT","@id":"https:\/\/tamaratarsis.com\/#\/schema\/logo\/image\/","url":"https:\/\/tamaratarsis.com\/wp-content\/uploads\/2021\/10\/logoLA.png","contentUrl":"https:\/\/tamaratarsis.com\/wp-content\/uploads\/2021\/10\/logoLA.png","width":282,"height":80,"caption":"Tamara Tarsis"},"image":{"@id":"https:\/\/tamaratarsis.com\/#\/schema\/logo\/image\/"},"sameAs":["https:\/\/www.facebook.com\/profile.php?id=61552603379270&mibextid=LQQJ4d","https:\/\/www.instagram.com\/sindi.ludy?igsh=NGVhN2U2NjQ0Yg"]}]}},"_links":{"self":[{"href":"https:\/\/tamaratarsis.com\/index.php\/wp-json\/wp\/v2\/pages\/1284","targetHints":{"allow":["GET"]}}],"collection":[{"href":"https:\/\/tamaratarsis.com\/index.php\/wp-json\/wp\/v2\/pages"}],"about":[{"href":"https:\/\/tamaratarsis.com\/index.php\/wp-json\/wp\/v2\/types\/page"}],"author":[{"embeddable":true,"href":"https:\/\/tamaratarsis.com\/index.php\/wp-json\/wp\/v2\/users\/2"}],"replies":[{"embeddable":true,"href":"https:\/\/tamaratarsis.com\/index.php\/wp-json\/wp\/v2\/comments?post=1284"}],"version-history":[{"count":40,"href":"https:\/\/tamaratarsis.com\/index.php\/wp-json\/wp\/v2\/pages\/1284\/revisions"}],"predecessor-version":[{"id":1992,"href":"https:\/\/tamaratarsis.com\/index.php\/wp-json\/wp\/v2\/pages\/1284\/revisions\/1992"}],"wp:attachment":[{"href":"https:\/\/tamaratarsis.com\/index.php\/wp-json\/wp\/v2\/media?parent=1284"}],"curies":[{"name":"wp","href":"https:\/\/api.w.org\/{rel}","templated":true}]}}