{"id":23,"date":"2020-12-08T03:53:49","date_gmt":"2020-12-08T03:53:49","guid":{"rendered":"https:\/\/gaviaspreview.com\/wp\/orgarium\/?page_id=23"},"modified":"2023-12-06T11:13:26","modified_gmt":"2023-12-06T11:13:26","slug":"gallery","status":"publish","type":"page","link":"https:\/\/tamaratarsis.com\/index.php\/gallery\/","title":{"rendered":"Gallery"},"content":{"rendered":"\t\t<div data-elementor-type=\"wp-page\" data-elementor-id=\"23\" class=\"elementor elementor-23\">\n\t\t\t\t\t\t<section class=\"elementor-section elementor-top-section elementor-element elementor-element-5a5231d elementor-section-boxed elementor-section-height-default elementor-section-height-default shape-bg-top-no\" data-id=\"5a5231d\" data-element_type=\"section\" data-settings=\"{&quot;background_background&quot;:&quot;slideshow&quot;,&quot;background_slideshow_gallery&quot;:[{&quot;id&quot;:1993,&quot;url&quot;:&quot;https:\\\/\\\/tamaratarsis.com\\\/wp-content\\\/uploads\\\/2023\\\/12\\\/1920-X-900_2.jpeg&quot;},{&quot;id&quot;:1994,&quot;url&quot;:&quot;https:\\\/\\\/tamaratarsis.com\\\/wp-content\\\/uploads\\\/2023\\\/12\\\/1920-X-900_1.jpeg&quot;}],&quot;background_slideshow_ken_burns&quot;:&quot;yes&quot;,&quot;background_slideshow_loop&quot;:&quot;yes&quot;,&quot;background_slideshow_slide_duration&quot;:5000,&quot;background_slideshow_slide_transition&quot;:&quot;fade&quot;,&quot;background_slideshow_transition_duration&quot;:500,&quot;background_slideshow_ken_burns_zoom_direction&quot;:&quot;in&quot;}\">\n\t\t\t\t\t\t<div class=\"elementor-container elementor-column-gap-default\">\n\t\t\t\t\t<div class=\"elementor-column elementor-col-100 elementor-top-column elementor-element elementor-element-743b93b\" data-id=\"743b93b\" data-element_type=\"column\">\n\t\t\t<div class=\"elementor-widget-wrap elementor-element-populated\">\n\t\t\t\t\t\t<div class=\"elementor-element elementor-element-48e1bec elementor-widget elementor-widget-gva-heading-block\" data-id=\"48e1bec\" data-element_type=\"widget\" data-widget_type=\"gva-heading-block.default\">\n\t\t\t\t<div class=\"elementor-widget-container\">\n\t\t\t<div class=\"gva-element-gva-heading-block gva-element\">   <div class=\"align-left style-1 widget gsc-heading box-align-left auto-responsive\">\r\n      <div class=\"content-inner\">\r\n         \r\n                  \r\n           \r\n         \r\n                     <h2 class=\"title\">\r\n               <span>Responsabilidade Social<\/span>\r\n            <\/h2>\r\n                  \r\n         \r\n      <\/div>\r\n   <\/div>\r\n<\/div>\t\t<\/div>\n\t\t\t\t<\/div>\n\t\t\t\t\t<\/div>\n\t\t<\/div>\n\t\t\t\t\t<\/div>\n\t\t<\/section>\n\t\t\t\t<section class=\"elementor-section elementor-top-section elementor-element elementor-element-381f5bc elementor-section-boxed elementor-section-height-default elementor-section-height-default shape-bg-top-no shape-bg-bottom-no\" data-id=\"381f5bc\" data-element_type=\"section\" data-settings=\"{&quot;background_background&quot;:&quot;classic&quot;}\">\n\t\t\t\t\t\t\t<div class=\"elementor-background-overlay\"><\/div>\n\t\t\t\t\t\t\t<div class=\"elementor-container elementor-column-gap-default\">\n\t\t\t\t\t<div class=\"elementor-column elementor-col-100 elementor-top-column elementor-element elementor-element-cccee9b\" data-id=\"cccee9b\" data-element_type=\"column\">\n\t\t\t<div class=\"elementor-widget-wrap elementor-element-populated\">\n\t\t\t\t\t\t<div class=\"elementor-element elementor-element-135b3f1 elementor-widget elementor-widget-text-editor\" data-id=\"135b3f1\" data-element_type=\"widget\" data-widget_type=\"text-editor.default\">\n\t\t\t\t<div class=\"elementor-widget-container\">\n\t\t\t\t\t\t\tReiteradamente comprometidos com uma cultura de consci\u00eancia social, solidaria e sustent\u00e1vel, respeitamos o meio-ambiente, valorizamos o bem-estar animal e prestigiamos a boa conviv\u00eancia social internamente e para com a comunidade.\t\t\t\t\t\t<\/div>\n\t\t\t\t<\/div>\n\t\t\t\t\t<\/div>\n\t\t<\/div>\n\t\t\t\t\t<\/div>\n\t\t<\/section>\n\t\t\t\t<section class=\"elementor-section elementor-top-section elementor-element elementor-element-7e9c1af9 shape-bg-top-yes elementor-section-boxed elementor-section-height-default elementor-section-height-default shape-bg-bottom-no\" data-id=\"7e9c1af9\" data-element_type=\"section\">\n\t\t\t\t\t\t<div class=\"elementor-container elementor-column-gap-default\">\n\t\t\t\t\t<div class=\"elementor-column elementor-col-50 elementor-top-column elementor-element elementor-element-27c9e840\" data-id=\"27c9e840\" data-element_type=\"column\">\n\t\t\t<div class=\"elementor-widget-wrap elementor-element-populated\">\n\t\t\t\t\t\t<div class=\"elementor-element elementor-element-63700fe5 elementor-widget elementor-widget-gva-gallery\" data-id=\"63700fe5\" data-element_type=\"widget\" data-widget_type=\"gva-gallery.default\">\n\t\t\t\t<div class=\"elementor-widget-container\">\n\t\t\t<div class=\"gva-element-gva-gallery gva-element\">  \r\n  \t<div class=\"gva-gallery-grid clearfix\">\r\n\t\t<div class=\"gva-content-items\"> \r\n\t\t  \t<div class=\"lg-block-grid-1 md-block-grid-1 sm-block-grid-1 xs-block-grid-1 xx-block-grid-1\">\r\n\t\t\t \t<div class=\"item\">\r\n<div class=\"gallery-item\">\r\n\r\n               <div class=\"image\">\r\n            <img decoding=\"async\" src=\"https:\/\/tamaratarsis.com\/wp-content\/uploads\/2023\/12\/CF-600x540.jpg\" alt=\"Criador do Futuro \u2013 Angola\" \/>  \r\n         <\/div>\r\n         <a class=\"photo-gallery\" href=\"https:\/\/tamaratarsis.com\/wp-content\/uploads\/2023\/12\/CF.jpg\" data-elementor-lightbox-slideshow=\"gallery-rpz9\"><\/a>\r\n      \r\n      <div class=\"image-content\">\r\n         <div class=\"content-inner\">\r\n                           <h3 class=\"title\">Criador do Futuro \u2013 Angola<\/h3>\r\n                                 <\/div>   \r\n      <\/div>\r\n\r\n   <\/div>\r\n<\/div>\t\t  \t<\/div>\r\n\t\t<\/div>\r\n  \t<\/div>\r\n<\/div>\t\t<\/div>\n\t\t\t\t<\/div>\n\t\t\t\t<div class=\"elementor-element elementor-element-b15ef15 elementor-widget elementor-widget-heading\" data-id=\"b15ef15\" data-element_type=\"widget\" data-widget_type=\"heading.default\">\n\t\t\t\t<div class=\"elementor-widget-container\">\n\t\t\t<h2 class=\"elementor-heading-title elementor-size-default\">Criador do Futuro \u2013 Angola<\/h2>\t\t<\/div>\n\t\t\t\t<\/div>\n\t\t\t\t<div class=\"elementor-element elementor-element-e6d1981 elementor-widget elementor-widget-text-editor\" data-id=\"e6d1981\" data-element_type=\"widget\" data-widget_type=\"text-editor.default\">\n\t\t\t\t<div class=\"elementor-widget-container\">\n\t\t\t\t\t\t\t<p style=\"text-align: JUSTIFY;\">\u00c9 uma iniciativa que visa despertar o interesse pelas actividades agr\u00edcolas, pecu\u00e1ria e ambientais de forma did\u00e1tica e l\u00fadica, refor\u00e7ando no seio das crian\u00e7as a import\u00e2ncia das actividades do meio rural e seu impacto no combate \u00e0 fome e \u00e0 pobreza.<\/p>\t\t\t\t\t\t<\/div>\n\t\t\t\t<\/div>\n\t\t\t\t\t<\/div>\n\t\t<\/div>\n\t\t\t\t<div class=\"elementor-column elementor-col-50 elementor-top-column elementor-element elementor-element-3d03221\" data-id=\"3d03221\" data-element_type=\"column\">\n\t\t\t<div class=\"elementor-widget-wrap elementor-element-populated\">\n\t\t\t\t\t\t<div class=\"elementor-element elementor-element-7fbe879 elementor-widget elementor-widget-gva-gallery\" data-id=\"7fbe879\" data-element_type=\"widget\" data-widget_type=\"gva-gallery.default\">\n\t\t\t\t<div class=\"elementor-widget-container\">\n\t\t\t<div class=\"gva-element-gva-gallery gva-element\">  \r\n  \t<div class=\"gva-gallery-grid clearfix\">\r\n\t\t<div class=\"gva-content-items\"> \r\n\t\t  \t<div class=\"lg-block-grid-1 md-block-grid-1 sm-block-grid-1 xs-block-grid-1 xx-block-grid-1\">\r\n\t\t\t \t<div class=\"item\">\r\n<div class=\"gallery-item\">\r\n\r\n               <div class=\"image\">\r\n            <img decoding=\"async\" src=\"https:\/\/tamaratarsis.com\/wp-content\/uploads\/2021\/04\/p3-600x540.jpeg\" alt=\"Gado Solid\u00e1rio\" \/>  \r\n         <\/div>\r\n         <a class=\"photo-gallery\" href=\"https:\/\/tamaratarsis.com\/wp-content\/uploads\/2021\/04\/p3.jpeg\" data-elementor-lightbox-slideshow=\"gallery-8dt6\"><\/a>\r\n      \r\n      <div class=\"image-content\">\r\n         <div class=\"content-inner\">\r\n                           <h3 class=\"title\">Gado Solid\u00e1rio<\/h3>\r\n                                 <\/div>   \r\n      <\/div>\r\n\r\n   <\/div>\r\n<\/div>\t\t  \t<\/div>\r\n\t\t<\/div>\r\n  \t<\/div>\r\n<\/div>\t\t<\/div>\n\t\t\t\t<\/div>\n\t\t\t\t<div class=\"elementor-element elementor-element-b5e4672 elementor-widget elementor-widget-heading\" data-id=\"b5e4672\" data-element_type=\"widget\" data-widget_type=\"heading.default\">\n\t\t\t\t<div class=\"elementor-widget-container\">\n\t\t\t<h2 class=\"elementor-heading-title elementor-size-default\">Gado Solid\u00e1rio<\/h2>\t\t<\/div>\n\t\t\t\t<\/div>\n\t\t\t\t<div class=\"elementor-element elementor-element-a70f29b elementor-widget elementor-widget-text-editor\" data-id=\"a70f29b\" data-element_type=\"widget\" data-widget_type=\"text-editor.default\">\n\t\t\t\t<div class=\"elementor-widget-container\">\n\t\t\t\t\t\t\t<p style=\"text-align: JUSTIFY;\">Iniciado em 2023 com a reabilita\u00e7\u00e3o da escola do I\u00ba Ciclo da Ib\u00eandua, est\u00e1 ac\u00e7\u00e3o, focaliza a sua actua\u00e7\u00e3o na demanda das comunidades adjacentes aos nossos projectos e empreendimentos, elegendo anualmente um projecto de benefic\u00eancia social e comunit\u00e1ria nas \u00e1reas de educa\u00e7\u00e3o, sa\u00fade, \u00e1gua e saneamento b\u00e1sico.\t\t\t\t\t\t<\/div>\n\t\t\t\t<\/div>\n\t\t\t\t\t<\/div>\n\t\t<\/div>\n\t\t\t\t\t<\/div>\n\t\t<\/section>\n\t\t<div class=\"elementor-element elementor-element-01659ed e-flex e-con-boxed e-con e-parent\" data-id=\"01659ed\" data-element_type=\"container\">\n\t\t\t\t\t<div class=\"e-con-inner\">\n\t\t\t\t\t<\/div>\n\t\t\t\t<\/div>\n\t\t\t\t<\/div>\n\t\t","protected":false},"excerpt":{"rendered":"<p>Responsabilidade Social Reiteradamente comprometidos com uma cultura de consci\u00eancia social, solidaria e sustent\u00e1vel, respeitamos o meio-ambiente, valorizamos o bem-estar animal e prestigiamos a boa conviv\u00eancia social internamente e para com [&hellip;]<\/p>\n","protected":false},"author":2,"featured_media":0,"parent":0,"menu_order":0,"comment_status":"closed","ping_status":"closed","template":"","meta":{"footnotes":""},"class_list":["post-23","page","type-page","status-publish","hentry"],"yoast_head":"<!-- This site is optimized with the Yoast SEO plugin v25.0 - https:\/\/yoast.com\/wordpress\/plugins\/seo\/ -->\n<title>Gallery - Tamara Tarsis<\/title>\n<meta name=\"robots\" content=\"index, follow, max-snippet:-1, max-image-preview:large, max-video-preview:-1\" \/>\n<link rel=\"canonical\" href=\"https:\/\/tamaratarsis.com\/index.php\/gallery\/\" \/>\n<meta property=\"og:locale\" content=\"pt_PT\" \/>\n<meta property=\"og:type\" content=\"article\" \/>\n<meta property=\"og:title\" content=\"Gallery - Tamara Tarsis\" \/>\n<meta property=\"og:description\" content=\"Responsabilidade Social Reiteradamente comprometidos com uma cultura de consci\u00eancia social, solidaria e sustent\u00e1vel, respeitamos o meio-ambiente, valorizamos o bem-estar animal e prestigiamos a boa conviv\u00eancia social internamente e para com [&hellip;]\" \/>\n<meta property=\"og:url\" content=\"https:\/\/tamaratarsis.com\/index.php\/gallery\/\" \/>\n<meta property=\"og:site_name\" content=\"Tamara Tarsis\" \/>\n<meta property=\"article:modified_time\" content=\"2023-12-06T11:13:26+00:00\" \/>\n<meta property=\"og:image\" content=\"https:\/\/tamaratarsis.com\/wp-content\/uploads\/2023\/12\/CF-600x540.jpg\" \/>\n<meta name=\"twitter:card\" content=\"summary_large_image\" \/>\n<meta name=\"twitter:label1\" content=\"Tempo estimado de leitura\" \/>\n\t<meta name=\"twitter:data1\" content=\"1 minuto\" \/>\n<script type=\"application\/ld+json\" class=\"yoast-schema-graph\">{\"@context\":\"https:\/\/schema.org\",\"@graph\":[{\"@type\":\"WebPage\",\"@id\":\"https:\/\/tamaratarsis.com\/index.php\/gallery\/\",\"url\":\"https:\/\/tamaratarsis.com\/index.php\/gallery\/\",\"name\":\"Gallery - Tamara Tarsis\",\"isPartOf\":{\"@id\":\"https:\/\/tamaratarsis.com\/#website\"},\"primaryImageOfPage\":{\"@id\":\"https:\/\/tamaratarsis.com\/index.php\/gallery\/#primaryimage\"},\"image\":{\"@id\":\"https:\/\/tamaratarsis.com\/index.php\/gallery\/#primaryimage\"},\"thumbnailUrl\":\"https:\/\/tamaratarsis.com\/wp-content\/uploads\/2023\/12\/CF-600x540.jpg\",\"datePublished\":\"2020-12-08T03:53:49+00:00\",\"dateModified\":\"2023-12-06T11:13:26+00:00\",\"breadcrumb\":{\"@id\":\"https:\/\/tamaratarsis.com\/index.php\/gallery\/#breadcrumb\"},\"inLanguage\":\"pt-PT\",\"potentialAction\":[{\"@type\":\"ReadAction\",\"target\":[\"https:\/\/tamaratarsis.com\/index.php\/gallery\/\"]}]},{\"@type\":\"ImageObject\",\"inLanguage\":\"pt-PT\",\"@id\":\"https:\/\/tamaratarsis.com\/index.php\/gallery\/#primaryimage\",\"url\":\"https:\/\/tamaratarsis.com\/wp-content\/uploads\/2023\/12\/CF.jpg\",\"contentUrl\":\"https:\/\/tamaratarsis.com\/wp-content\/uploads\/2023\/12\/CF.jpg\",\"width\":950,\"height\":810},{\"@type\":\"BreadcrumbList\",\"@id\":\"https:\/\/tamaratarsis.com\/index.php\/gallery\/#breadcrumb\",\"itemListElement\":[{\"@type\":\"ListItem\",\"position\":1,\"name\":\"In\u00edcio\",\"item\":\"https:\/\/tamaratarsis.com\/\"},{\"@type\":\"ListItem\",\"position\":2,\"name\":\"Gallery\"}]},{\"@type\":\"WebSite\",\"@id\":\"https:\/\/tamaratarsis.com\/#website\",\"url\":\"https:\/\/tamaratarsis.com\/\",\"name\":\"Tamara Tarsis\",\"description\":\"EMPREENDIMENTOS\",\"publisher\":{\"@id\":\"https:\/\/tamaratarsis.com\/#organization\"},\"potentialAction\":[{\"@type\":\"SearchAction\",\"target\":{\"@type\":\"EntryPoint\",\"urlTemplate\":\"https:\/\/tamaratarsis.com\/?s={search_term_string}\"},\"query-input\":{\"@type\":\"PropertyValueSpecification\",\"valueRequired\":true,\"valueName\":\"search_term_string\"}}],\"inLanguage\":\"pt-PT\"},{\"@type\":\"Organization\",\"@id\":\"https:\/\/tamaratarsis.com\/#organization\",\"name\":\"Tamara Tarsis\",\"url\":\"https:\/\/tamaratarsis.com\/\",\"logo\":{\"@type\":\"ImageObject\",\"inLanguage\":\"pt-PT\",\"@id\":\"https:\/\/tamaratarsis.com\/#\/schema\/logo\/image\/\",\"url\":\"https:\/\/tamaratarsis.com\/wp-content\/uploads\/2021\/10\/logoLA.png\",\"contentUrl\":\"https:\/\/tamaratarsis.com\/wp-content\/uploads\/2021\/10\/logoLA.png\",\"width\":282,\"height\":80,\"caption\":\"Tamara Tarsis\"},\"image\":{\"@id\":\"https:\/\/tamaratarsis.com\/#\/schema\/logo\/image\/\"},\"sameAs\":[\"https:\/\/www.facebook.com\/profile.php?id=61552603379270&mibextid=LQQJ4d\",\"https:\/\/www.instagram.com\/sindi.ludy?igsh=NGVhN2U2NjQ0Yg\"]}]}<\/script>\n<!-- \/ Yoast SEO plugin. -->","yoast_head_json":{"title":"Gallery - Tamara Tarsis","robots":{"index":"index","follow":"follow","max-snippet":"max-snippet:-1","max-image-preview":"max-image-preview:large","max-video-preview":"max-video-preview:-1"},"canonical":"https:\/\/tamaratarsis.com\/index.php\/gallery\/","og_locale":"pt_PT","og_type":"article","og_title":"Gallery - Tamara Tarsis","og_description":"Responsabilidade Social Reiteradamente comprometidos com uma cultura de consci\u00eancia social, solidaria e sustent\u00e1vel, respeitamos o meio-ambiente, valorizamos o bem-estar animal e prestigiamos a boa conviv\u00eancia social internamente e para com [&hellip;]","og_url":"https:\/\/tamaratarsis.com\/index.php\/gallery\/","og_site_name":"Tamara Tarsis","article_modified_time":"2023-12-06T11:13:26+00:00","og_image":[{"url":"https:\/\/tamaratarsis.com\/wp-content\/uploads\/2023\/12\/CF-600x540.jpg","type":"","width":"","height":""}],"twitter_card":"summary_large_image","twitter_misc":{"Tempo estimado de leitura":"1 minuto"},"schema":{"@context":"https:\/\/schema.org","@graph":[{"@type":"WebPage","@id":"https:\/\/tamaratarsis.com\/index.php\/gallery\/","url":"https:\/\/tamaratarsis.com\/index.php\/gallery\/","name":"Gallery - Tamara Tarsis","isPartOf":{"@id":"https:\/\/tamaratarsis.com\/#website"},"primaryImageOfPage":{"@id":"https:\/\/tamaratarsis.com\/index.php\/gallery\/#primaryimage"},"image":{"@id":"https:\/\/tamaratarsis.com\/index.php\/gallery\/#primaryimage"},"thumbnailUrl":"https:\/\/tamaratarsis.com\/wp-content\/uploads\/2023\/12\/CF-600x540.jpg","datePublished":"2020-12-08T03:53:49+00:00","dateModified":"2023-12-06T11:13:26+00:00","breadcrumb":{"@id":"https:\/\/tamaratarsis.com\/index.php\/gallery\/#breadcrumb"},"inLanguage":"pt-PT","potentialAction":[{"@type":"ReadAction","target":["https:\/\/tamaratarsis.com\/index.php\/gallery\/"]}]},{"@type":"ImageObject","inLanguage":"pt-PT","@id":"https:\/\/tamaratarsis.com\/index.php\/gallery\/#primaryimage","url":"https:\/\/tamaratarsis.com\/wp-content\/uploads\/2023\/12\/CF.jpg","contentUrl":"https:\/\/tamaratarsis.com\/wp-content\/uploads\/2023\/12\/CF.jpg","width":950,"height":810},{"@type":"BreadcrumbList","@id":"https:\/\/tamaratarsis.com\/index.php\/gallery\/#breadcrumb","itemListElement":[{"@type":"ListItem","position":1,"name":"In\u00edcio","item":"https:\/\/tamaratarsis.com\/"},{"@type":"ListItem","position":2,"name":"Gallery"}]},{"@type":"WebSite","@id":"https:\/\/tamaratarsis.com\/#website","url":"https:\/\/tamaratarsis.com\/","name":"Tamara Tarsis","description":"EMPREENDIMENTOS","publisher":{"@id":"https:\/\/tamaratarsis.com\/#organization"},"potentialAction":[{"@type":"SearchAction","target":{"@type":"EntryPoint","urlTemplate":"https:\/\/tamaratarsis.com\/?s={search_term_string}"},"query-input":{"@type":"PropertyValueSpecification","valueRequired":true,"valueName":"search_term_string"}}],"inLanguage":"pt-PT"},{"@type":"Organization","@id":"https:\/\/tamaratarsis.com\/#organization","name":"Tamara Tarsis","url":"https:\/\/tamaratarsis.com\/","logo":{"@type":"ImageObject","inLanguage":"pt-PT","@id":"https:\/\/tamaratarsis.com\/#\/schema\/logo\/image\/","url":"https:\/\/tamaratarsis.com\/wp-content\/uploads\/2021\/10\/logoLA.png","contentUrl":"https:\/\/tamaratarsis.com\/wp-content\/uploads\/2021\/10\/logoLA.png","width":282,"height":80,"caption":"Tamara Tarsis"},"image":{"@id":"https:\/\/tamaratarsis.com\/#\/schema\/logo\/image\/"},"sameAs":["https:\/\/www.facebook.com\/profile.php?id=61552603379270&mibextid=LQQJ4d","https:\/\/www.instagram.com\/sindi.ludy?igsh=NGVhN2U2NjQ0Yg"]}]}},"_links":{"self":[{"href":"https:\/\/tamaratarsis.com\/index.php\/wp-json\/wp\/v2\/pages\/23","targetHints":{"allow":["GET"]}}],"collection":[{"href":"https:\/\/tamaratarsis.com\/index.php\/wp-json\/wp\/v2\/pages"}],"about":[{"href":"https:\/\/tamaratarsis.com\/index.php\/wp-json\/wp\/v2\/types\/page"}],"author":[{"embeddable":true,"href":"https:\/\/tamaratarsis.com\/index.php\/wp-json\/wp\/v2\/users\/2"}],"replies":[{"embeddable":true,"href":"https:\/\/tamaratarsis.com\/index.php\/wp-json\/wp\/v2\/comments?post=23"}],"version-history":[{"count":39,"href":"https:\/\/tamaratarsis.com\/index.php\/wp-json\/wp\/v2\/pages\/23\/revisions"}],"predecessor-version":[{"id":2081,"href":"https:\/\/tamaratarsis.com\/index.php\/wp-json\/wp\/v2\/pages\/23\/revisions\/2081"}],"wp:attachment":[{"href":"https:\/\/tamaratarsis.com\/index.php\/wp-json\/wp\/v2\/media?parent=23"}],"curies":[{"name":"wp","href":"https:\/\/api.w.org\/{rel}","templated":true}]}}