{"id":26,"date":"2020-12-08T03:54:16","date_gmt":"2020-12-08T03:54:16","guid":{"rendered":"https:\/\/gaviaspreview.com\/wp\/orgarium\/?page_id=26"},"modified":"2023-12-05T17:59:32","modified_gmt":"2023-12-05T17:59:32","slug":"news-2","status":"publish","type":"page","link":"https:\/\/tamaratarsis.com\/index.php\/news-2\/","title":{"rendered":"Noticias"},"content":{"rendered":"\t\t<div data-elementor-type=\"wp-page\" data-elementor-id=\"26\" class=\"elementor elementor-26\">\n\t\t\t\t\t\t<section class=\"elementor-section elementor-top-section elementor-element elementor-element-bab952e elementor-section-full_width elementor-section-height-default elementor-section-height-default shape-bg-top-no shape-bg-bottom-no\" data-id=\"bab952e\" data-element_type=\"section\">\n\t\t\t\t\t\t<div class=\"elementor-container elementor-column-gap-default\">\n\t\t\t\t\t<div class=\"elementor-column elementor-col-100 elementor-top-column elementor-element elementor-element-a9d9793\" data-id=\"a9d9793\" data-element_type=\"column\">\n\t\t\t<div class=\"elementor-widget-wrap elementor-element-populated\">\n\t\t\t\t\t\t<div class=\"elementor-element elementor-element-d691118 elementor-widget elementor-widget-gva_post_breadcrumb\" data-id=\"d691118\" data-element_type=\"widget\" data-widget_type=\"gva_post_breadcrumb.default\">\n\t\t\t\t<div class=\"elementor-widget-container\">\n\t\t\t<div class=\"gva-element-gva_post_breadcrumb gva-element\">   \r\n<div class=\"post-breadcrumb\">\r\n   <div class=\"custom-breadcrumb \" >\r\n            <div class=\"breadcrumb-main\">\r\n        <div class=\"container\">\r\n          <div class=\"breadcrumb-container-inner\">\r\n            <h2 class=\"heading-title\">Noticias<\/h2><ol class=\"breadcrumb\"><li><a href=\"https:\/\/tamaratarsis.com\">Home<\/a> <\/li> <li class=\"active\">P\u00e1gina<\/li><\/ol>          <\/div>  \r\n        <\/div>   \r\n      <\/div>  \r\n   <\/div>\r\n<\/div>      \r\n\r\n<\/div>\t\t<\/div>\n\t\t\t\t<\/div>\n\t\t\t\t\t<\/div>\n\t\t<\/div>\n\t\t\t\t\t<\/div>\n\t\t<\/section>\n\t\t\t\t<section class=\"elementor-section elementor-top-section elementor-element elementor-element-26d009d7 elementor-section-boxed elementor-section-height-default elementor-section-height-default shape-bg-top-no shape-bg-bottom-no\" data-id=\"26d009d7\" data-element_type=\"section\">\n\t\t\t\t\t\t<div class=\"elementor-container elementor-column-gap-default\">\n\t\t\t\t\t<div class=\"elementor-column elementor-col-100 elementor-top-column elementor-element elementor-element-2a3a0f88\" data-id=\"2a3a0f88\" data-element_type=\"column\">\n\t\t\t<div class=\"elementor-widget-wrap elementor-element-populated\">\n\t\t\t\t\t\t<div class=\"elementor-element elementor-element-158a6e68 elementor-widget elementor-widget-gva-posts\" data-id=\"158a6e68\" data-element_type=\"widget\" data-widget_type=\"gva-posts.default\">\n\t\t\t\t<div class=\"elementor-widget-container\">\n\t\t\t<div class=\"gva-element-gva-posts gva-element\">  \r\n  <div class=\"gva-posts-grid clearfix gva-posts\">\r\n\t\t<div class=\"gva-content-items\"> \r\n\t\t  <div class=\"lg-block-grid-3 md-block-grid-3 sm-block-grid-2 xs-block-grid-2 xx-block-grid-1\">\r\n\t\t\t <div class=\"item-columns\">\r\n   <article id=\"post-2568\" class=\"post post-style-2 post-2568 type-post status-publish format-standard has-post-thumbnail hentry category-noticias\">\r\n      \r\n               <div class=\"post-thumbnail\">\r\n            <a href=\"https:\/\/tamaratarsis.com\/index.php\/2025\/07\/21\/dia-de-campo-na-fazenda-kufikissa-ii\/\">\r\n               <img fetchpriority=\"high\" decoding=\"async\" width=\"580\" height=\"435\" src=\"https:\/\/tamaratarsis.com\/wp-content\/uploads\/2025\/07\/3D0A9622_Easy-Resize.com_-580x435.jpg\" class=\"attachment-post-thumbnail size-post-thumbnail wp-post-image\" alt=\"Dia de Campo na Fazenda\u202fKufikissa\u202fII\" \/>            <\/a>\r\n                           <div class=\"entry-date\">\r\n                  <span class=\"date\">21<\/span>\r\n                  <span class=\"month\">Julho<\/span>\r\n               <\/div>\r\n                     <\/div>   \r\n         \r\n\r\n      <div class=\"entry-content has-thumbnail\">\r\n         <div class=\"content-inner\">\r\n            <div class=\"entry-meta\">\r\n               <div class=\"clearfix meta-inline post-meta-1\"><span class=\"author vcard\"><i class=\"far fa-user-circle\"><\/i>Tamara Tarsis<\/span><\/div>            <\/div> \r\n            <h3 class=\"entry-title\">\r\n               <a href=\"https:\/\/tamaratarsis.com\/index.php\/2025\/07\/21\/dia-de-campo-na-fazenda-kufikissa-ii\/\" rel=\"bookmark\">Dia de Campo na Fazenda\u202fKufikissa\u202fII<\/a>\r\n            <\/h3>\r\n                           <div class=\"entry-desc\">\r\n                  No dia 12 de Julho, a Fazenda\u202fKufikissa\u202fII realizou um Dia de Campo para celebrar os seus 15 anos. O evento               <\/div>   \r\n                     <\/div>\r\n         <div class=\"read-more\">\r\n            <a class=\"btn-read-more\" href=\"https:\/\/tamaratarsis.com\/index.php\/2025\/07\/21\/dia-de-campo-na-fazenda-kufikissa-ii\/\">Ler Mais<i class=\"fa-regular fa-circle-right\"><\/i><\/a>\r\n         <\/div>\r\n      <\/div>\r\n   <\/article>   \r\n\r\n  <\/div><div class=\"item-columns\">\r\n   <article id=\"post-2533\" class=\"post post-style-2 post-2533 type-post status-publish format-standard has-post-thumbnail hentry category-noticias\">\r\n      \r\n               <div class=\"post-thumbnail\">\r\n            <a href=\"https:\/\/tamaratarsis.com\/index.php\/2025\/07\/11\/15-anos-de-kufikissa-ii-do-inicio-humilde-a-referencia-nacional\/\">\r\n               <img decoding=\"async\" width=\"580\" height=\"435\" src=\"https:\/\/tamaratarsis.com\/wp-content\/uploads\/2025\/07\/DJI_0037_Easy-Resize.com_-580x435.jpg\" class=\"attachment-post-thumbnail size-post-thumbnail wp-post-image\" alt=\"15 Anos de Kufikissa II: Do in\u00edcio humilde \u00e0 refer\u00eancia nacional!\" \/>            <\/a>\r\n                           <div class=\"entry-date\">\r\n                  <span class=\"date\">11<\/span>\r\n                  <span class=\"month\">Julho<\/span>\r\n               <\/div>\r\n                     <\/div>   \r\n         \r\n\r\n      <div class=\"entry-content has-thumbnail\">\r\n         <div class=\"content-inner\">\r\n            <div class=\"entry-meta\">\r\n               <div class=\"clearfix meta-inline post-meta-1\"><span class=\"author vcard\"><i class=\"far fa-user-circle\"><\/i>Tamara Tarsis<\/span><\/div>            <\/div> \r\n            <h3 class=\"entry-title\">\r\n               <a href=\"https:\/\/tamaratarsis.com\/index.php\/2025\/07\/11\/15-anos-de-kufikissa-ii-do-inicio-humilde-a-referencia-nacional\/\" rel=\"bookmark\">15 Anos de Kufikissa II: Do in\u00edcio humilde \u00e0 refer\u00eancia nacional!<\/a>\r\n            <\/h3>\r\n                           <div class=\"entry-desc\">\r\n                  A 10 de Julho de 2010, nascia a Fazenda Kufikissa II, um projecto familiar movido pela vontade de viver do               <\/div>   \r\n                     <\/div>\r\n         <div class=\"read-more\">\r\n            <a class=\"btn-read-more\" href=\"https:\/\/tamaratarsis.com\/index.php\/2025\/07\/11\/15-anos-de-kufikissa-ii-do-inicio-humilde-a-referencia-nacional\/\">Ler Mais<i class=\"fa-regular fa-circle-right\"><\/i><\/a>\r\n         <\/div>\r\n      <\/div>\r\n   <\/article>   \r\n\r\n  <\/div><div class=\"item-columns\">\r\n   <article id=\"post-2456\" class=\"post post-style-2 post-2456 type-post status-publish format-standard has-post-thumbnail hentry category-noticias\">\r\n      \r\n               <div class=\"post-thumbnail\">\r\n            <a href=\"https:\/\/tamaratarsis.com\/index.php\/2025\/07\/11\/transferencia-de-embrioes-a-ciencia-na-criacao-animal-2\/\">\r\n               <img decoding=\"async\" width=\"580\" height=\"435\" src=\"https:\/\/tamaratarsis.com\/wp-content\/uploads\/2025\/07\/3D0A7149_Easy-Resize.com_-580x435.jpg\" class=\"attachment-post-thumbnail size-post-thumbnail wp-post-image\" alt=\"Transfer\u00eancia de embri\u00f5es: A ci\u00eancia na cria\u00e7\u00e3o animal\" \/>            <\/a>\r\n                           <div class=\"entry-date\">\r\n                  <span class=\"date\">11<\/span>\r\n                  <span class=\"month\">Julho<\/span>\r\n               <\/div>\r\n                     <\/div>   \r\n         \r\n\r\n      <div class=\"entry-content has-thumbnail\">\r\n         <div class=\"content-inner\">\r\n            <div class=\"entry-meta\">\r\n               <div class=\"clearfix meta-inline post-meta-1\"><span class=\"author vcard\"><i class=\"far fa-user-circle\"><\/i>Tamara Tarsis<\/span><\/div>            <\/div> \r\n            <h3 class=\"entry-title\">\r\n               <a href=\"https:\/\/tamaratarsis.com\/index.php\/2025\/07\/11\/transferencia-de-embrioes-a-ciencia-na-criacao-animal-2\/\" rel=\"bookmark\">Transfer\u00eancia de embri\u00f5es: A ci\u00eancia na cria\u00e7\u00e3o animal<\/a>\r\n            <\/h3>\r\n                           <div class=\"entry-desc\">\r\n                  A transfer\u00eancia de embri\u00f5es \u00e9 um dos maiores avan\u00e7os da biotecnologia reprodutiva aplicada \u00e0 pecu\u00e1ria moderna. Esta t\u00e9cnica permite maximizar               <\/div>   \r\n                     <\/div>\r\n         <div class=\"read-more\">\r\n            <a class=\"btn-read-more\" href=\"https:\/\/tamaratarsis.com\/index.php\/2025\/07\/11\/transferencia-de-embrioes-a-ciencia-na-criacao-animal-2\/\">Ler Mais<i class=\"fa-regular fa-circle-right\"><\/i><\/a>\r\n         <\/div>\r\n      <\/div>\r\n   <\/article>   \r\n\r\n  <\/div><div class=\"item-columns\">\r\n   <article id=\"post-2417\" class=\"post post-style-2 post-2417 type-post status-publish format-standard has-post-thumbnail hentry category-noticias\">\r\n      \r\n               <div class=\"post-thumbnail\">\r\n            <a href=\"https:\/\/tamaratarsis.com\/index.php\/2025\/05\/13\/fazenda-kufikissa-ii-representa-angola-no-painel-das-marcas-do-museu-do-zebu\/\">\r\n               <img loading=\"lazy\" decoding=\"async\" width=\"580\" height=\"435\" src=\"https:\/\/tamaratarsis.com\/wp-content\/uploads\/2025\/05\/image-3-580x435.webp\" class=\"attachment-post-thumbnail size-post-thumbnail wp-post-image\" alt=\"Fazenda Kufikissa II representa Angola no Painel das Marcas do Museu do Zebu\" \/>            <\/a>\r\n                           <div class=\"entry-date\">\r\n                  <span class=\"date\">13<\/span>\r\n                  <span class=\"month\">Maio<\/span>\r\n               <\/div>\r\n                     <\/div>   \r\n         \r\n\r\n      <div class=\"entry-content has-thumbnail\">\r\n         <div class=\"content-inner\">\r\n            <div class=\"entry-meta\">\r\n               <div class=\"clearfix meta-inline post-meta-1\"><span class=\"author vcard\"><i class=\"far fa-user-circle\"><\/i>Tamara Tarsis<\/span><\/div>            <\/div> \r\n            <h3 class=\"entry-title\">\r\n               <a href=\"https:\/\/tamaratarsis.com\/index.php\/2025\/05\/13\/fazenda-kufikissa-ii-representa-angola-no-painel-das-marcas-do-museu-do-zebu\/\" rel=\"bookmark\">Fazenda Kufikissa II representa Angola no Painel das Marcas do Museu do Zebu<\/a>\r\n            <\/h3>\r\n                           <div class=\"entry-desc\">\r\n                  A Fazenda Kufikissa II, por meio do seu Rebanho Sindi Ludy, eternizou a sua marca no Painel das Marcas, em               <\/div>   \r\n                     <\/div>\r\n         <div class=\"read-more\">\r\n            <a class=\"btn-read-more\" href=\"https:\/\/tamaratarsis.com\/index.php\/2025\/05\/13\/fazenda-kufikissa-ii-representa-angola-no-painel-das-marcas-do-museu-do-zebu\/\">Ler Mais<i class=\"fa-regular fa-circle-right\"><\/i><\/a>\r\n         <\/div>\r\n      <\/div>\r\n   <\/article>   \r\n\r\n  <\/div><div class=\"item-columns\">\r\n   <article id=\"post-2399\" class=\"post post-style-2 post-2399 type-post status-publish format-standard has-post-thumbnail hentry category-noticias\">\r\n      \r\n               <div class=\"post-thumbnail\">\r\n            <a href=\"https:\/\/tamaratarsis.com\/index.php\/2025\/05\/13\/rebanho-sindi-ludy-representa-angola-na-90-a-expozebu-e-destaca-se-em-competicao-internacional\/\">\r\n               <img loading=\"lazy\" decoding=\"async\" width=\"580\" height=\"435\" src=\"https:\/\/tamaratarsis.com\/wp-content\/uploads\/2025\/05\/BH5A2430_Easy-Resize.com_-580x435.jpg\" class=\"attachment-post-thumbnail size-post-thumbnail wp-post-image\" alt=\"Rebanho Sindi Ludy representa Angola na 90.\u00aa ExpoZebu e destaca-se em competi\u00e7\u00e3o internacional.\" \/>            <\/a>\r\n                           <div class=\"entry-date\">\r\n                  <span class=\"date\">13<\/span>\r\n                  <span class=\"month\">Maio<\/span>\r\n               <\/div>\r\n                     <\/div>   \r\n         \r\n\r\n      <div class=\"entry-content has-thumbnail\">\r\n         <div class=\"content-inner\">\r\n            <div class=\"entry-meta\">\r\n               <div class=\"clearfix meta-inline post-meta-1\"><span class=\"author vcard\"><i class=\"far fa-user-circle\"><\/i>Tamara Tarsis<\/span><\/div>            <\/div> \r\n            <h3 class=\"entry-title\">\r\n               <a href=\"https:\/\/tamaratarsis.com\/index.php\/2025\/05\/13\/rebanho-sindi-ludy-representa-angola-na-90-a-expozebu-e-destaca-se-em-competicao-internacional\/\" rel=\"bookmark\">Rebanho Sindi Ludy representa Angola na 90.\u00aa ExpoZebu e destaca-se em competi\u00e7\u00e3o internacional.<\/a>\r\n            <\/h3>\r\n                           <div class=\"entry-desc\">\r\n                  O Rebanho Sindi Ludy marcou presen\u00e7a hist\u00f3rica na 90.\u00aa edi\u00e7\u00e3o da ExpoZebu, realizada em Uberaba, Brasil, o maior e mais               <\/div>   \r\n                     <\/div>\r\n         <div class=\"read-more\">\r\n            <a class=\"btn-read-more\" href=\"https:\/\/tamaratarsis.com\/index.php\/2025\/05\/13\/rebanho-sindi-ludy-representa-angola-na-90-a-expozebu-e-destaca-se-em-competicao-internacional\/\">Ler Mais<i class=\"fa-regular fa-circle-right\"><\/i><\/a>\r\n         <\/div>\r\n      <\/div>\r\n   <\/article>   \r\n\r\n  <\/div><div class=\"item-columns\">\r\n   <article id=\"post-2317\" class=\"post post-style-2 post-2317 type-post status-publish format-standard has-post-thumbnail hentry category-noticias\">\r\n      \r\n               <div class=\"post-thumbnail\">\r\n            <a href=\"https:\/\/tamaratarsis.com\/index.php\/2024\/07\/17\/fazenda-kufikissa-ii-implementa-melhoramento-genetico-com-o-programa-geneplus\/\">\r\n               <img loading=\"lazy\" decoding=\"async\" width=\"1\" height=\"1\" src=\"https:\/\/tamaratarsis.com\/wp-content\/uploads\/2024\/07\/2-min-min.jpg\" class=\"attachment-post-thumbnail size-post-thumbnail wp-post-image\" alt=\"Fazenda Kufikissa II implementa melhoramento gen\u00e9tico com o programa Geneplus\" \/>            <\/a>\r\n                           <div class=\"entry-date\">\r\n                  <span class=\"date\">17<\/span>\r\n                  <span class=\"month\">Julho<\/span>\r\n               <\/div>\r\n                     <\/div>   \r\n         \r\n\r\n      <div class=\"entry-content has-thumbnail\">\r\n         <div class=\"content-inner\">\r\n            <div class=\"entry-meta\">\r\n               <div class=\"clearfix meta-inline post-meta-1\"><span class=\"author vcard\"><i class=\"far fa-user-circle\"><\/i>Tamara Tarsis<\/span><\/div>            <\/div> \r\n            <h3 class=\"entry-title\">\r\n               <a href=\"https:\/\/tamaratarsis.com\/index.php\/2024\/07\/17\/fazenda-kufikissa-ii-implementa-melhoramento-genetico-com-o-programa-geneplus\/\" rel=\"bookmark\">Fazenda Kufikissa II implementa melhoramento gen\u00e9tico com o programa Geneplus<\/a>\r\n            <\/h3>\r\n                           <div class=\"entry-desc\">\r\n                  A Fazenda Kufikissa II est\u00e1 a protagonizar o desenvolvimento da pecu\u00e1ria nacional atrav\u00e9s do seu projecto de melhoramento gen\u00e9tico da               <\/div>   \r\n                     <\/div>\r\n         <div class=\"read-more\">\r\n            <a class=\"btn-read-more\" href=\"https:\/\/tamaratarsis.com\/index.php\/2024\/07\/17\/fazenda-kufikissa-ii-implementa-melhoramento-genetico-com-o-programa-geneplus\/\">Ler Mais<i class=\"fa-regular fa-circle-right\"><\/i><\/a>\r\n         <\/div>\r\n      <\/div>\r\n   <\/article>   \r\n\r\n  <\/div>\t\t  <\/div>\r\n\t\t<\/div>\r\n\t\t\t\t\t <div class=\"pagination\">\r\n\t\t\t\t  <div class=\"column one pager_wrapper\"><div class=\"pager\"><div class=\"paginations\"><a href=\"https:\/\/tamaratarsis.com\/index.php\/wp-json\/wp\/v2\/pages\/26\/\" class=\"page-item active\">1<\/a><a href=\"https:\/\/tamaratarsis.com\/index.php\/wp-json\/wp\/v2\/pages\/26\/page\/2\/\" class=\"page-item\">2<\/a><a class=\"next_page\" href=\"https:\/\/tamaratarsis.com\/index.php\/wp-json\/wp\/v2\/pages\/26\/page\/2\/\"><i class=\"fas fa-chevron-right\"><\/i><\/a><\/div><\/div><\/div>\n\t\t\t <\/div>\r\n\t\t  <\/div>\r\n  <\/div>\t\t<\/div>\n\t\t\t\t<\/div>\n\t\t\t\t\t<\/div>\n\t\t<\/div>\n\t\t\t\t\t<\/div>\n\t\t<\/section>\n\t\t\t\t<\/div>\n\t\t","protected":false},"excerpt":{"rendered":"<p>Entrada da Fazenda Kufikissa II para a ABCZ no dia 3 de Maio de 2023 Home 08 Mar\u00e7o Tamara Tarsis Entrada do Sindi Ludy para a ABC Sindi Entrada do [&hellip;]<\/p>\n","protected":false},"author":2,"featured_media":0,"parent":0,"menu_order":0,"comment_status":"closed","ping_status":"closed","template":"","meta":{"footnotes":""},"class_list":["post-26","page","type-page","status-publish","hentry"],"yoast_head":"<!-- This site is optimized with the Yoast SEO plugin v25.0 - https:\/\/yoast.com\/wordpress\/plugins\/seo\/ -->\n<title>Noticias - Tamara Tarsis<\/title>\n<meta name=\"robots\" content=\"index, follow, max-snippet:-1, max-image-preview:large, max-video-preview:-1\" \/>\n<link rel=\"canonical\" href=\"https:\/\/tamaratarsis.com\/index.php\/news-2\/\" \/>\n<meta property=\"og:locale\" content=\"pt_PT\" \/>\n<meta property=\"og:type\" content=\"article\" \/>\n<meta property=\"og:title\" content=\"Noticias - Tamara Tarsis\" \/>\n<meta property=\"og:description\" content=\"Entrada da Fazenda Kufikissa II para a ABCZ no dia 3 de Maio de 2023 Home 08 Mar\u00e7o Tamara Tarsis Entrada do Sindi Ludy para a ABC Sindi Entrada do [&hellip;]\" \/>\n<meta property=\"og:url\" content=\"https:\/\/tamaratarsis.com\/index.php\/news-2\/\" \/>\n<meta property=\"og:site_name\" content=\"Tamara Tarsis\" \/>\n<meta property=\"article:modified_time\" content=\"2023-12-05T17:59:32+00:00\" \/>\n<meta property=\"og:image\" content=\"https:\/\/tamaratarsis.com\/wp-content\/uploads\/2020\/03\/n1-580x435.jpeg\" \/>\n<meta name=\"twitter:card\" content=\"summary_large_image\" \/>\n<meta name=\"twitter:label1\" content=\"Tempo estimado de leitura\" \/>\n\t<meta name=\"twitter:data1\" content=\"1 minuto\" \/>\n<script type=\"application\/ld+json\" class=\"yoast-schema-graph\">{\"@context\":\"https:\/\/schema.org\",\"@graph\":[{\"@type\":\"WebPage\",\"@id\":\"https:\/\/tamaratarsis.com\/index.php\/news-2\/\",\"url\":\"https:\/\/tamaratarsis.com\/index.php\/news-2\/\",\"name\":\"Noticias - Tamara Tarsis\",\"isPartOf\":{\"@id\":\"https:\/\/tamaratarsis.com\/#website\"},\"primaryImageOfPage\":{\"@id\":\"https:\/\/tamaratarsis.com\/index.php\/news-2\/#primaryimage\"},\"image\":{\"@id\":\"https:\/\/tamaratarsis.com\/index.php\/news-2\/#primaryimage\"},\"thumbnailUrl\":\"https:\/\/tamaratarsis.com\/wp-content\/uploads\/2020\/03\/n1-580x435.jpeg\",\"datePublished\":\"2020-12-08T03:54:16+00:00\",\"dateModified\":\"2023-12-05T17:59:32+00:00\",\"breadcrumb\":{\"@id\":\"https:\/\/tamaratarsis.com\/index.php\/news-2\/#breadcrumb\"},\"inLanguage\":\"pt-PT\",\"potentialAction\":[{\"@type\":\"ReadAction\",\"target\":[\"https:\/\/tamaratarsis.com\/index.php\/news-2\/\"]}]},{\"@type\":\"ImageObject\",\"inLanguage\":\"pt-PT\",\"@id\":\"https:\/\/tamaratarsis.com\/index.php\/news-2\/#primaryimage\",\"url\":\"https:\/\/tamaratarsis.com\/wp-content\/uploads\/2020\/03\/n1-580x435.jpeg\",\"contentUrl\":\"https:\/\/tamaratarsis.com\/wp-content\/uploads\/2020\/03\/n1-580x435.jpeg\"},{\"@type\":\"BreadcrumbList\",\"@id\":\"https:\/\/tamaratarsis.com\/index.php\/news-2\/#breadcrumb\",\"itemListElement\":[{\"@type\":\"ListItem\",\"position\":1,\"name\":\"In\u00edcio\",\"item\":\"https:\/\/tamaratarsis.com\/\"},{\"@type\":\"ListItem\",\"position\":2,\"name\":\"Noticias\"}]},{\"@type\":\"WebSite\",\"@id\":\"https:\/\/tamaratarsis.com\/#website\",\"url\":\"https:\/\/tamaratarsis.com\/\",\"name\":\"Tamara Tarsis\",\"description\":\"EMPREENDIMENTOS\",\"publisher\":{\"@id\":\"https:\/\/tamaratarsis.com\/#organization\"},\"potentialAction\":[{\"@type\":\"SearchAction\",\"target\":{\"@type\":\"EntryPoint\",\"urlTemplate\":\"https:\/\/tamaratarsis.com\/?s={search_term_string}\"},\"query-input\":{\"@type\":\"PropertyValueSpecification\",\"valueRequired\":true,\"valueName\":\"search_term_string\"}}],\"inLanguage\":\"pt-PT\"},{\"@type\":\"Organization\",\"@id\":\"https:\/\/tamaratarsis.com\/#organization\",\"name\":\"Tamara Tarsis\",\"url\":\"https:\/\/tamaratarsis.com\/\",\"logo\":{\"@type\":\"ImageObject\",\"inLanguage\":\"pt-PT\",\"@id\":\"https:\/\/tamaratarsis.com\/#\/schema\/logo\/image\/\",\"url\":\"https:\/\/tamaratarsis.com\/wp-content\/uploads\/2021\/10\/logoLA.png\",\"contentUrl\":\"https:\/\/tamaratarsis.com\/wp-content\/uploads\/2021\/10\/logoLA.png\",\"width\":282,\"height\":80,\"caption\":\"Tamara Tarsis\"},\"image\":{\"@id\":\"https:\/\/tamaratarsis.com\/#\/schema\/logo\/image\/\"},\"sameAs\":[\"https:\/\/www.facebook.com\/profile.php?id=61552603379270&mibextid=LQQJ4d\",\"https:\/\/www.instagram.com\/sindi.ludy?igsh=NGVhN2U2NjQ0Yg\"]}]}<\/script>\n<!-- \/ Yoast SEO plugin. -->","yoast_head_json":{"title":"Noticias - Tamara Tarsis","robots":{"index":"index","follow":"follow","max-snippet":"max-snippet:-1","max-image-preview":"max-image-preview:large","max-video-preview":"max-video-preview:-1"},"canonical":"https:\/\/tamaratarsis.com\/index.php\/news-2\/","og_locale":"pt_PT","og_type":"article","og_title":"Noticias - Tamara Tarsis","og_description":"Entrada da Fazenda Kufikissa II para a ABCZ no dia 3 de Maio de 2023 Home 08 Mar\u00e7o Tamara Tarsis Entrada do Sindi Ludy para a ABC Sindi Entrada do [&hellip;]","og_url":"https:\/\/tamaratarsis.com\/index.php\/news-2\/","og_site_name":"Tamara Tarsis","article_modified_time":"2023-12-05T17:59:32+00:00","og_image":[{"url":"https:\/\/tamaratarsis.com\/wp-content\/uploads\/2020\/03\/n1-580x435.jpeg","type":"","width":"","height":""}],"twitter_card":"summary_large_image","twitter_misc":{"Tempo estimado de leitura":"1 minuto"},"schema":{"@context":"https:\/\/schema.org","@graph":[{"@type":"WebPage","@id":"https:\/\/tamaratarsis.com\/index.php\/news-2\/","url":"https:\/\/tamaratarsis.com\/index.php\/news-2\/","name":"Noticias - Tamara Tarsis","isPartOf":{"@id":"https:\/\/tamaratarsis.com\/#website"},"primaryImageOfPage":{"@id":"https:\/\/tamaratarsis.com\/index.php\/news-2\/#primaryimage"},"image":{"@id":"https:\/\/tamaratarsis.com\/index.php\/news-2\/#primaryimage"},"thumbnailUrl":"https:\/\/tamaratarsis.com\/wp-content\/uploads\/2020\/03\/n1-580x435.jpeg","datePublished":"2020-12-08T03:54:16+00:00","dateModified":"2023-12-05T17:59:32+00:00","breadcrumb":{"@id":"https:\/\/tamaratarsis.com\/index.php\/news-2\/#breadcrumb"},"inLanguage":"pt-PT","potentialAction":[{"@type":"ReadAction","target":["https:\/\/tamaratarsis.com\/index.php\/news-2\/"]}]},{"@type":"ImageObject","inLanguage":"pt-PT","@id":"https:\/\/tamaratarsis.com\/index.php\/news-2\/#primaryimage","url":"https:\/\/tamaratarsis.com\/wp-content\/uploads\/2020\/03\/n1-580x435.jpeg","contentUrl":"https:\/\/tamaratarsis.com\/wp-content\/uploads\/2020\/03\/n1-580x435.jpeg"},{"@type":"BreadcrumbList","@id":"https:\/\/tamaratarsis.com\/index.php\/news-2\/#breadcrumb","itemListElement":[{"@type":"ListItem","position":1,"name":"In\u00edcio","item":"https:\/\/tamaratarsis.com\/"},{"@type":"ListItem","position":2,"name":"Noticias"}]},{"@type":"WebSite","@id":"https:\/\/tamaratarsis.com\/#website","url":"https:\/\/tamaratarsis.com\/","name":"Tamara Tarsis","description":"EMPREENDIMENTOS","publisher":{"@id":"https:\/\/tamaratarsis.com\/#organization"},"potentialAction":[{"@type":"SearchAction","target":{"@type":"EntryPoint","urlTemplate":"https:\/\/tamaratarsis.com\/?s={search_term_string}"},"query-input":{"@type":"PropertyValueSpecification","valueRequired":true,"valueName":"search_term_string"}}],"inLanguage":"pt-PT"},{"@type":"Organization","@id":"https:\/\/tamaratarsis.com\/#organization","name":"Tamara Tarsis","url":"https:\/\/tamaratarsis.com\/","logo":{"@type":"ImageObject","inLanguage":"pt-PT","@id":"https:\/\/tamaratarsis.com\/#\/schema\/logo\/image\/","url":"https:\/\/tamaratarsis.com\/wp-content\/uploads\/2021\/10\/logoLA.png","contentUrl":"https:\/\/tamaratarsis.com\/wp-content\/uploads\/2021\/10\/logoLA.png","width":282,"height":80,"caption":"Tamara Tarsis"},"image":{"@id":"https:\/\/tamaratarsis.com\/#\/schema\/logo\/image\/"},"sameAs":["https:\/\/www.facebook.com\/profile.php?id=61552603379270&mibextid=LQQJ4d","https:\/\/www.instagram.com\/sindi.ludy?igsh=NGVhN2U2NjQ0Yg"]}]}},"_links":{"self":[{"href":"https:\/\/tamaratarsis.com\/index.php\/wp-json\/wp\/v2\/pages\/26","targetHints":{"allow":["GET"]}}],"collection":[{"href":"https:\/\/tamaratarsis.com\/index.php\/wp-json\/wp\/v2\/pages"}],"about":[{"href":"https:\/\/tamaratarsis.com\/index.php\/wp-json\/wp\/v2\/types\/page"}],"author":[{"embeddable":true,"href":"https:\/\/tamaratarsis.com\/index.php\/wp-json\/wp\/v2\/users\/2"}],"replies":[{"embeddable":true,"href":"https:\/\/tamaratarsis.com\/index.php\/wp-json\/wp\/v2\/comments?post=26"}],"version-history":[{"count":7,"href":"https:\/\/tamaratarsis.com\/index.php\/wp-json\/wp\/v2\/pages\/26\/revisions"}],"predecessor-version":[{"id":2074,"href":"https:\/\/tamaratarsis.com\/index.php\/wp-json\/wp\/v2\/pages\/26\/revisions\/2074"}],"wp:attachment":[{"href":"https:\/\/tamaratarsis.com\/index.php\/wp-json\/wp\/v2\/media?parent=26"}],"curies":[{"name":"wp","href":"https:\/\/api.w.org\/{rel}","templated":true}]}}