{"id":27,"date":"2020-12-08T03:54:25","date_gmt":"2020-12-08T03:54:25","guid":{"rendered":"https:\/\/gaviaspreview.com\/wp\/orgarium\/?page_id=27"},"modified":"2023-12-21T10:48:30","modified_gmt":"2023-12-21T10:48:30","slug":"contact-2","status":"publish","type":"page","link":"https:\/\/tamaratarsis.com\/index.php\/contact-2\/","title":{"rendered":"Contacto"},"content":{"rendered":"\t\t<div data-elementor-type=\"wp-page\" data-elementor-id=\"27\" class=\"elementor elementor-27\">\n\t\t\t\t\t\t<section class=\"elementor-section elementor-top-section elementor-element elementor-element-0a10a20 elementor-section-full_width elementor-section-height-default elementor-section-height-default shape-bg-top-no shape-bg-bottom-no\" data-id=\"0a10a20\" data-element_type=\"section\">\n\t\t\t\t\t\t<div class=\"elementor-container elementor-column-gap-default\">\n\t\t\t\t\t<div class=\"elementor-column elementor-col-100 elementor-top-column elementor-element elementor-element-89d3eb1\" data-id=\"89d3eb1\" data-element_type=\"column\">\n\t\t\t<div class=\"elementor-widget-wrap elementor-element-populated\">\n\t\t\t\t\t\t<div class=\"elementor-element elementor-element-3184e56 elementor-widget elementor-widget-gva_post_breadcrumb\" data-id=\"3184e56\" data-element_type=\"widget\" data-widget_type=\"gva_post_breadcrumb.default\">\n\t\t\t\t<div class=\"elementor-widget-container\">\n\t\t\t<div class=\"gva-element-gva_post_breadcrumb gva-element\">   \r\n<div class=\"post-breadcrumb\">\r\n   <div class=\"custom-breadcrumb \" >\r\n            <div class=\"breadcrumb-main\">\r\n        <div class=\"container\">\r\n          <div class=\"breadcrumb-container-inner\">\r\n            <h2 class=\"heading-title\">Contacto<\/h2><ol class=\"breadcrumb\"><li><a href=\"https:\/\/tamaratarsis.com\">Home<\/a> <\/li> <li class=\"active\">P\u00e1gina<\/li><\/ol>          <\/div>  \r\n        <\/div>   \r\n      <\/div>  \r\n   <\/div>\r\n<\/div>      \r\n\r\n<\/div>\t\t<\/div>\n\t\t\t\t<\/div>\n\t\t\t\t\t<\/div>\n\t\t<\/div>\n\t\t\t\t\t<\/div>\n\t\t<\/section>\n\t\t\t\t<section class=\"elementor-section elementor-top-section elementor-element elementor-element-4b8d6fcf elementor-section-boxed elementor-section-height-default elementor-section-height-default shape-bg-top-no shape-bg-bottom-no\" data-id=\"4b8d6fcf\" data-element_type=\"section\">\n\t\t\t\t\t\t<div class=\"elementor-container elementor-column-gap-default\">\n\t\t\t\t\t<div class=\"elementor-column elementor-col-50 elementor-top-column elementor-element elementor-element-3096fdc\" data-id=\"3096fdc\" data-element_type=\"column\">\n\t\t\t<div class=\"elementor-widget-wrap elementor-element-populated\">\n\t\t\t\t\t\t<div class=\"elementor-element elementor-element-4edb267 elementor-widget elementor-widget-gva-heading-block\" data-id=\"4edb267\" data-element_type=\"widget\" data-widget_type=\"gva-heading-block.default\">\n\t\t\t\t<div class=\"elementor-widget-container\">\n\t\t\t<div class=\"gva-element-gva-heading-block gva-element\">   <div class=\"align-left style-1 widget gsc-heading box-align-left auto-responsive\">\r\n      <div class=\"content-inner\">\r\n         \r\n                  \r\n         <div class=\"sub-title\"><span class=\"heading-icon\"><img decoding=\"async\" src=\"https:\/\/tamaratarsis.com\/wp-content\/plugins\/orgarium-themer\/elementor\/assets\/images\/icon-heading.png\" alt=\"\" \/><\/span><span class=\"tagline\">Entre em contacto connosco<\/span><\/div>  \r\n         \r\n                     <h2 class=\"title\">\r\n               <span>Deixe uma mensagem<\/span>\r\n            <\/h2>\r\n                  \r\n         \r\n      <\/div>\r\n   <\/div>\r\n<\/div>\t\t<\/div>\n\t\t\t\t<\/div>\n\t\t\t\t\t<\/div>\n\t\t<\/div>\n\t\t\t\t<div class=\"elementor-column elementor-col-50 elementor-top-column elementor-element elementor-element-24a8477\" data-id=\"24a8477\" data-element_type=\"column\">\n\t\t\t<div class=\"elementor-widget-wrap\">\n\t\t\t\t\t\t\t<\/div>\n\t\t<\/div>\n\t\t\t\t\t<\/div>\n\t\t<\/section>\n\t\t\t\t<section class=\"elementor-section elementor-top-section elementor-element elementor-element-1273eb40 elementor-section-boxed elementor-section-height-default elementor-section-height-default shape-bg-top-no shape-bg-bottom-no\" data-id=\"1273eb40\" data-element_type=\"section\">\n\t\t\t\t\t\t<div class=\"elementor-container elementor-column-gap-default\">\n\t\t\t\t\t<div class=\"elementor-column elementor-col-50 elementor-top-column elementor-element elementor-element-2935e4a2\" data-id=\"2935e4a2\" data-element_type=\"column\">\n\t\t\t<div class=\"elementor-widget-wrap elementor-element-populated\">\n\t\t\t\t\t\t<div class=\"elementor-element elementor-element-47f06985 elementor-widget elementor-widget-shortcode\" data-id=\"47f06985\" data-element_type=\"widget\" data-widget_type=\"shortcode.default\">\n\t\t\t\t<div class=\"elementor-widget-container\">\n\t\t\t\t\t<div class=\"elementor-shortcode\">\n<div class=\"wpcf7 no-js\" id=\"wpcf7-f1470-o1\" lang=\"en-US\" dir=\"ltr\" data-wpcf7-id=\"1470\">\n<div class=\"screen-reader-response\"><p role=\"status\" aria-live=\"polite\" aria-atomic=\"true\"><\/p> <ul><\/ul><\/div>\n<form action=\"\/index.php\/wp-json\/wp\/v2\/pages\/27#wpcf7-f1470-o1\" method=\"post\" class=\"wpcf7-form init\" aria-label=\"Contact form\" novalidate=\"novalidate\" data-status=\"init\">\n<div style=\"display: none;\">\n<input type=\"hidden\" name=\"_wpcf7\" value=\"1470\" \/>\n<input type=\"hidden\" name=\"_wpcf7_version\" value=\"6.0.6\" \/>\n<input type=\"hidden\" name=\"_wpcf7_locale\" value=\"en_US\" \/>\n<input type=\"hidden\" name=\"_wpcf7_unit_tag\" value=\"wpcf7-f1470-o1\" \/>\n<input type=\"hidden\" name=\"_wpcf7_container_post\" value=\"0\" \/>\n<input type=\"hidden\" name=\"_wpcf7_posted_data_hash\" value=\"\" \/>\n<input type=\"hidden\" name=\"_wpcf7_recaptcha_response\" value=\"\" \/>\n<\/div>\n<div class=\"row\">\n\t<div class=\"col-sm-6 col-xs-12\">\n\t\t<p><span class=\"wpcf7-form-control-wrap\" data-name=\"your-name\"><input size=\"40\" maxlength=\"400\" class=\"wpcf7-form-control wpcf7-text wpcf7-validates-as-required\" aria-required=\"true\" aria-invalid=\"false\" placeholder=\"Nome\" value=\"\" type=\"text\" name=\"your-name\" \/><\/span>\n\t\t<\/p>\n\t<\/div>\n\t<div class=\"col-sm-6 col-xs-12\">\n\t\t<p><span class=\"wpcf7-form-control-wrap\" data-name=\"your-phone\"><input size=\"40\" maxlength=\"400\" class=\"wpcf7-form-control wpcf7-text wpcf7-validates-as-required\" aria-required=\"true\" aria-invalid=\"false\" placeholder=\"N\u00famero de Telefone\" value=\"\" type=\"text\" name=\"your-phone\" \/><\/span>\n\t\t<\/p>\n\t<\/div>\n<\/div>\n<div class=\"row\">\n\t<div class=\"col-sm-6 col-xs-12\">\n\t\t<p><span class=\"wpcf7-form-control-wrap\" data-name=\"your-email\"><input size=\"40\" maxlength=\"400\" class=\"wpcf7-form-control wpcf7-email wpcf7-validates-as-required wpcf7-text wpcf7-validates-as-email\" aria-required=\"true\" aria-invalid=\"false\" placeholder=\"Endere\u00e7o de Email\" value=\"\" type=\"email\" name=\"your-email\" \/><\/span>\n\t\t<\/p>\n\t<\/div>\n\t<div class=\"col-sm-6 col-xs-12\">\n\t\t<p><span class=\"wpcf7-form-control-wrap\" data-name=\"your-subject\"><input size=\"40\" maxlength=\"400\" class=\"wpcf7-form-control wpcf7-text\" aria-invalid=\"false\" placeholder=\"Assunto\" value=\"\" type=\"text\" name=\"your-subject\" \/><\/span>\n\t\t<\/p>\n\t<\/div>\n<\/div>\n<div class=\"row\">\n\t<div class=\"col-sm-12 col-xs-12\">\n\t\t<p><span class=\"wpcf7-form-control-wrap\" data-name=\"your-message\"><textarea cols=\"40\" rows=\"10\" maxlength=\"2000\" class=\"wpcf7-form-control wpcf7-textarea\" aria-invalid=\"false\" placeholder=\"Escreva uma Mensagem\" name=\"your-message\"><\/textarea><\/span>\n\t\t<\/p>\n\t<\/div>\n\t<div class=\"col-sm-12 col-xs-12 action text-left\">\n\t\t<p><span class=\"form-action\"><input class=\"wpcf7-form-control wpcf7-submit has-spinner\" type=\"submit\" value=\"Enviar a Mensagem\" \/><\/span>\n\t\t<\/p>\n\t<\/div>\n<\/div><div class=\"wpcf7-response-output\" aria-hidden=\"true\"><\/div>\n<\/form>\n<\/div>\n<\/div>\n\t\t\t\t<\/div>\n\t\t\t\t<\/div>\n\t\t\t\t\t<\/div>\n\t\t<\/div>\n\t\t\t\t<div class=\"elementor-column elementor-col-50 elementor-top-column elementor-element elementor-element-57b3f9\" data-id=\"57b3f9\" data-element_type=\"column\">\n\t\t\t<div class=\"elementor-widget-wrap elementor-element-populated\">\n\t\t\t\t\t\t<div class=\"elementor-element elementor-element-e46cd1e elementor-list-item-link-full_width elementor-widget elementor-widget-icon-list\" data-id=\"e46cd1e\" data-element_type=\"widget\" data-widget_type=\"icon-list.default\">\n\t\t\t\t<div class=\"elementor-widget-container\">\n\t\t\t\t\t<ul class=\"elementor-icon-list-items\">\n\t\t\t\t\t\t\t<li class=\"elementor-icon-list-item\">\n\t\t\t\t\t\t\t\t\t\t\t<span class=\"elementor-icon-list-icon\">\n\t\t\t\t\t\t\t<i aria-hidden=\"true\" class=\"fas fa-phone-alt\"><\/i>\t\t\t\t\t\t<\/span>\n\t\t\t\t\t\t\t\t\t\t<span class=\"elementor-icon-list-text\">+244 933 49 77 48<\/span>\n\t\t\t\t\t\t\t\t\t<\/li>\n\t\t\t\t\t\t\t\t<li class=\"elementor-icon-list-item\">\n\t\t\t\t\t\t\t\t\t\t\t<span class=\"elementor-icon-list-icon\">\n\t\t\t\t\t\t\t<i aria-hidden=\"true\" class=\"far fa-envelope\"><\/i>\t\t\t\t\t\t<\/span>\n\t\t\t\t\t\t\t\t\t\t<span class=\"elementor-icon-list-text\">geral@tamaratarsis.com<\/span>\n\t\t\t\t\t\t\t\t\t<\/li>\n\t\t\t\t\t\t\t\t<li class=\"elementor-icon-list-item\">\n\t\t\t\t\t\t\t\t\t\t\t<span class=\"elementor-icon-list-icon\">\n\t\t\t\t\t\t\t<i aria-hidden=\"true\" class=\"fas fa-map-marker-alt\"><\/i>\t\t\t\t\t\t<\/span>\n\t\t\t\t\t\t\t\t\t\t<span class=\"elementor-icon-list-text\">Sala 425 - Vit\u00f3ria Office, Estrada do Camama, Km 10,  Munic\u00edpio de Talatona, Luanda<\/span>\n\t\t\t\t\t\t\t\t\t<\/li>\n\t\t\t\t\t\t<\/ul>\n\t\t\t\t<\/div>\n\t\t\t\t<\/div>\n\t\t\t\t<div class=\"elementor-element elementor-element-bad027a elementor-shape-circle e-grid-align-left elementor-grid-0 elementor-widget elementor-widget-social-icons\" data-id=\"bad027a\" data-element_type=\"widget\" data-widget_type=\"social-icons.default\">\n\t\t\t\t<div class=\"elementor-widget-container\">\n\t\t\t\t\t<div class=\"elementor-social-icons-wrapper elementor-grid\">\n\t\t\t\t\t\t\t<span class=\"elementor-grid-item\">\n\t\t\t\t\t<a class=\"elementor-icon elementor-social-icon elementor-social-icon-facebook elementor-animation-bob elementor-repeater-item-084cf95\" href=\"https:\/\/www.facebook.com\/profile.php?id=61552716622686&#038;mibextid=LQQJ4d\" target=\"_blank\">\n\t\t\t\t\t\t<span class=\"elementor-screen-only\">Facebook<\/span>\n\t\t\t\t\t\t<i class=\"fab fa-facebook\"><\/i>\t\t\t\t\t<\/a>\n\t\t\t\t<\/span>\n\t\t\t\t\t\t\t<span class=\"elementor-grid-item\">\n\t\t\t\t\t<a class=\"elementor-icon elementor-social-icon elementor-social-icon-facebook elementor-animation-bob elementor-repeater-item-f584a0c\" href=\"https:\/\/www.facebook.com\/profile.php?id=61552603379270&#038;mibextid=LQQJ4d\" target=\"_blank\">\n\t\t\t\t\t\t<span class=\"elementor-screen-only\">Facebook<\/span>\n\t\t\t\t\t\t<i class=\"fab fa-facebook\"><\/i>\t\t\t\t\t<\/a>\n\t\t\t\t<\/span>\n\t\t\t\t\t\t\t<span class=\"elementor-grid-item\">\n\t\t\t\t\t<a class=\"elementor-icon elementor-social-icon elementor-social-icon-instagram elementor-animation-bob elementor-repeater-item-ffba9de\" href=\"https:\/\/www.instagram.com\/sindi.ludy?igsh=NGVhN2U2NjQ0Yg==\" target=\"_blank\">\n\t\t\t\t\t\t<span class=\"elementor-screen-only\">Instagram<\/span>\n\t\t\t\t\t\t<i class=\"fab fa-instagram\"><\/i>\t\t\t\t\t<\/a>\n\t\t\t\t<\/span>\n\t\t\t\t\t\t\t<span class=\"elementor-grid-item\">\n\t\t\t\t\t<a class=\"elementor-icon elementor-social-icon elementor-social-icon-instagram elementor-animation-bob elementor-repeater-item-82bd054\" href=\"https:\/\/www.instagram.com\/fazenda.kufikissa?igsh=NGVhN2U2NjQ0Yg==\" target=\"_blank\">\n\t\t\t\t\t\t<span class=\"elementor-screen-only\">Instagram<\/span>\n\t\t\t\t\t\t<i class=\"fab fa-instagram\"><\/i>\t\t\t\t\t<\/a>\n\t\t\t\t<\/span>\n\t\t\t\t\t\t\t<span class=\"elementor-grid-item\">\n\t\t\t\t\t<a class=\"elementor-icon elementor-social-icon elementor-social-icon-youtube elementor-animation-bob elementor-repeater-item-8d00d54\" href=\"https:\/\/youtube.com\/@TamaraTarsisEmpreendimentos?si=NEJuzr1iNFvvn9CV\" target=\"_blank\">\n\t\t\t\t\t\t<span class=\"elementor-screen-only\">Youtube<\/span>\n\t\t\t\t\t\t<i class=\"fab fa-youtube\"><\/i>\t\t\t\t\t<\/a>\n\t\t\t\t<\/span>\n\t\t\t\t\t<\/div>\n\t\t\t\t<\/div>\n\t\t\t\t<\/div>\n\t\t\t\t\t<\/div>\n\t\t<\/div>\n\t\t\t\t\t<\/div>\n\t\t<\/section>\n\t\t\t\t<section class=\"elementor-section elementor-top-section elementor-element elementor-element-1452873 elementor-section-full_width elementor-section-height-default elementor-section-height-default shape-bg-top-no shape-bg-bottom-no\" data-id=\"1452873\" data-element_type=\"section\">\n\t\t\t\t\t\t<div class=\"elementor-container elementor-column-gap-default\">\n\t\t\t\t\t<div class=\"elementor-column elementor-col-100 elementor-top-column elementor-element elementor-element-6eee037\" data-id=\"6eee037\" data-element_type=\"column\">\n\t\t\t<div class=\"elementor-widget-wrap elementor-element-populated\">\n\t\t\t\t\t\t<div class=\"elementor-element elementor-element-9f0ea1c elementor-widget elementor-widget-google_maps\" data-id=\"9f0ea1c\" data-element_type=\"widget\" data-widget_type=\"google_maps.default\">\n\t\t\t\t<div class=\"elementor-widget-container\">\n\t\t\t\t\t<div class=\"elementor-custom-embed\">\n\t\t\t<iframe loading=\"lazy\"\n\t\t\t\t\tsrc=\"https:\/\/maps.google.com\/maps?q=Vit%C3%B3ria%20Office%2C%20Estrada%20do%20Camama&#038;t=m&#038;z=18&#038;output=embed&#038;iwloc=near\"\n\t\t\t\t\ttitle=\"Vit\u00f3ria Office, Estrada do Camama\"\n\t\t\t\t\taria-label=\"Vit\u00f3ria Office, Estrada do Camama\"\n\t\t\t><\/iframe>\n\t\t<\/div>\n\t\t\t\t<\/div>\n\t\t\t\t<\/div>\n\t\t\t\t\t<\/div>\n\t\t<\/div>\n\t\t\t\t\t<\/div>\n\t\t<\/section>\n\t\t\t\t<\/div>\n\t\t","protected":false},"excerpt":{"rendered":"<p>Contacto Home P\u00e1gina Entre em contacto connosco Deixe uma mensagem +244 933 49 77 48 geral@tamaratarsis.com Sala 425 &#8211; Vit\u00f3ria Office, Estrada do Camama, Km 10, Munic\u00edpio de Talatona, Luanda [&hellip;]<\/p>\n","protected":false},"author":2,"featured_media":0,"parent":0,"menu_order":0,"comment_status":"closed","ping_status":"closed","template":"","meta":{"footnotes":""},"class_list":["post-27","page","type-page","status-publish","hentry"],"yoast_head":"<!-- This site is optimized with the Yoast SEO plugin v25.0 - https:\/\/yoast.com\/wordpress\/plugins\/seo\/ -->\n<title>Contacto - Tamara Tarsis<\/title>\n<meta name=\"robots\" content=\"index, follow, max-snippet:-1, max-image-preview:large, max-video-preview:-1\" \/>\n<link rel=\"canonical\" href=\"https:\/\/tamaratarsis.com\/index.php\/contact-2\/\" \/>\n<meta property=\"og:locale\" content=\"pt_PT\" \/>\n<meta property=\"og:type\" content=\"article\" \/>\n<meta property=\"og:title\" content=\"Contacto - Tamara Tarsis\" \/>\n<meta property=\"og:description\" content=\"Contacto Home P\u00e1gina Entre em contacto connosco Deixe uma mensagem +244 933 49 77 48 geral@tamaratarsis.com Sala 425 &#8211; Vit\u00f3ria Office, Estrada do Camama, Km 10, Munic\u00edpio de Talatona, Luanda [&hellip;]\" \/>\n<meta property=\"og:url\" content=\"https:\/\/tamaratarsis.com\/index.php\/contact-2\/\" \/>\n<meta property=\"og:site_name\" content=\"Tamara Tarsis\" \/>\n<meta property=\"article:modified_time\" content=\"2023-12-21T10:48:30+00:00\" \/>\n<meta property=\"og:image\" content=\"https:\/\/tamaratarsis.com\/wp-content\/plugins\/orgarium-themer\/elementor\/assets\/images\/icon-heading.png\" \/>\n<meta name=\"twitter:card\" content=\"summary_large_image\" \/>\n<script type=\"application\/ld+json\" class=\"yoast-schema-graph\">{\"@context\":\"https:\/\/schema.org\",\"@graph\":[{\"@type\":\"WebPage\",\"@id\":\"https:\/\/tamaratarsis.com\/index.php\/contact-2\/\",\"url\":\"https:\/\/tamaratarsis.com\/index.php\/contact-2\/\",\"name\":\"Contacto - Tamara Tarsis\",\"isPartOf\":{\"@id\":\"https:\/\/tamaratarsis.com\/#website\"},\"primaryImageOfPage\":{\"@id\":\"https:\/\/tamaratarsis.com\/index.php\/contact-2\/#primaryimage\"},\"image\":{\"@id\":\"https:\/\/tamaratarsis.com\/index.php\/contact-2\/#primaryimage\"},\"thumbnailUrl\":\"https:\/\/tamaratarsis.com\/wp-content\/plugins\/orgarium-themer\/elementor\/assets\/images\/icon-heading.png\",\"datePublished\":\"2020-12-08T03:54:25+00:00\",\"dateModified\":\"2023-12-21T10:48:30+00:00\",\"breadcrumb\":{\"@id\":\"https:\/\/tamaratarsis.com\/index.php\/contact-2\/#breadcrumb\"},\"inLanguage\":\"pt-PT\",\"potentialAction\":[{\"@type\":\"ReadAction\",\"target\":[\"https:\/\/tamaratarsis.com\/index.php\/contact-2\/\"]}]},{\"@type\":\"ImageObject\",\"inLanguage\":\"pt-PT\",\"@id\":\"https:\/\/tamaratarsis.com\/index.php\/contact-2\/#primaryimage\",\"url\":\"https:\/\/tamaratarsis.com\/wp-content\/plugins\/orgarium-themer\/elementor\/assets\/images\/icon-heading.png\",\"contentUrl\":\"https:\/\/tamaratarsis.com\/wp-content\/plugins\/orgarium-themer\/elementor\/assets\/images\/icon-heading.png\"},{\"@type\":\"BreadcrumbList\",\"@id\":\"https:\/\/tamaratarsis.com\/index.php\/contact-2\/#breadcrumb\",\"itemListElement\":[{\"@type\":\"ListItem\",\"position\":1,\"name\":\"In\u00edcio\",\"item\":\"https:\/\/tamaratarsis.com\/\"},{\"@type\":\"ListItem\",\"position\":2,\"name\":\"Contacto\"}]},{\"@type\":\"WebSite\",\"@id\":\"https:\/\/tamaratarsis.com\/#website\",\"url\":\"https:\/\/tamaratarsis.com\/\",\"name\":\"Tamara Tarsis\",\"description\":\"EMPREENDIMENTOS\",\"publisher\":{\"@id\":\"https:\/\/tamaratarsis.com\/#organization\"},\"potentialAction\":[{\"@type\":\"SearchAction\",\"target\":{\"@type\":\"EntryPoint\",\"urlTemplate\":\"https:\/\/tamaratarsis.com\/?s={search_term_string}\"},\"query-input\":{\"@type\":\"PropertyValueSpecification\",\"valueRequired\":true,\"valueName\":\"search_term_string\"}}],\"inLanguage\":\"pt-PT\"},{\"@type\":\"Organization\",\"@id\":\"https:\/\/tamaratarsis.com\/#organization\",\"name\":\"Tamara Tarsis\",\"url\":\"https:\/\/tamaratarsis.com\/\",\"logo\":{\"@type\":\"ImageObject\",\"inLanguage\":\"pt-PT\",\"@id\":\"https:\/\/tamaratarsis.com\/#\/schema\/logo\/image\/\",\"url\":\"https:\/\/tamaratarsis.com\/wp-content\/uploads\/2021\/10\/logoLA.png\",\"contentUrl\":\"https:\/\/tamaratarsis.com\/wp-content\/uploads\/2021\/10\/logoLA.png\",\"width\":282,\"height\":80,\"caption\":\"Tamara Tarsis\"},\"image\":{\"@id\":\"https:\/\/tamaratarsis.com\/#\/schema\/logo\/image\/\"},\"sameAs\":[\"https:\/\/www.facebook.com\/profile.php?id=61552603379270&mibextid=LQQJ4d\",\"https:\/\/www.instagram.com\/sindi.ludy?igsh=NGVhN2U2NjQ0Yg\"]}]}<\/script>\n<!-- \/ Yoast SEO plugin. -->","yoast_head_json":{"title":"Contacto - Tamara Tarsis","robots":{"index":"index","follow":"follow","max-snippet":"max-snippet:-1","max-image-preview":"max-image-preview:large","max-video-preview":"max-video-preview:-1"},"canonical":"https:\/\/tamaratarsis.com\/index.php\/contact-2\/","og_locale":"pt_PT","og_type":"article","og_title":"Contacto - Tamara Tarsis","og_description":"Contacto Home P\u00e1gina Entre em contacto connosco Deixe uma mensagem +244 933 49 77 48 geral@tamaratarsis.com Sala 425 &#8211; Vit\u00f3ria Office, Estrada do Camama, Km 10, Munic\u00edpio de Talatona, Luanda [&hellip;]","og_url":"https:\/\/tamaratarsis.com\/index.php\/contact-2\/","og_site_name":"Tamara Tarsis","article_modified_time":"2023-12-21T10:48:30+00:00","og_image":[{"url":"https:\/\/tamaratarsis.com\/wp-content\/plugins\/orgarium-themer\/elementor\/assets\/images\/icon-heading.png","type":"","width":"","height":""}],"twitter_card":"summary_large_image","schema":{"@context":"https:\/\/schema.org","@graph":[{"@type":"WebPage","@id":"https:\/\/tamaratarsis.com\/index.php\/contact-2\/","url":"https:\/\/tamaratarsis.com\/index.php\/contact-2\/","name":"Contacto - Tamara Tarsis","isPartOf":{"@id":"https:\/\/tamaratarsis.com\/#website"},"primaryImageOfPage":{"@id":"https:\/\/tamaratarsis.com\/index.php\/contact-2\/#primaryimage"},"image":{"@id":"https:\/\/tamaratarsis.com\/index.php\/contact-2\/#primaryimage"},"thumbnailUrl":"https:\/\/tamaratarsis.com\/wp-content\/plugins\/orgarium-themer\/elementor\/assets\/images\/icon-heading.png","datePublished":"2020-12-08T03:54:25+00:00","dateModified":"2023-12-21T10:48:30+00:00","breadcrumb":{"@id":"https:\/\/tamaratarsis.com\/index.php\/contact-2\/#breadcrumb"},"inLanguage":"pt-PT","potentialAction":[{"@type":"ReadAction","target":["https:\/\/tamaratarsis.com\/index.php\/contact-2\/"]}]},{"@type":"ImageObject","inLanguage":"pt-PT","@id":"https:\/\/tamaratarsis.com\/index.php\/contact-2\/#primaryimage","url":"https:\/\/tamaratarsis.com\/wp-content\/plugins\/orgarium-themer\/elementor\/assets\/images\/icon-heading.png","contentUrl":"https:\/\/tamaratarsis.com\/wp-content\/plugins\/orgarium-themer\/elementor\/assets\/images\/icon-heading.png"},{"@type":"BreadcrumbList","@id":"https:\/\/tamaratarsis.com\/index.php\/contact-2\/#breadcrumb","itemListElement":[{"@type":"ListItem","position":1,"name":"In\u00edcio","item":"https:\/\/tamaratarsis.com\/"},{"@type":"ListItem","position":2,"name":"Contacto"}]},{"@type":"WebSite","@id":"https:\/\/tamaratarsis.com\/#website","url":"https:\/\/tamaratarsis.com\/","name":"Tamara Tarsis","description":"EMPREENDIMENTOS","publisher":{"@id":"https:\/\/tamaratarsis.com\/#organization"},"potentialAction":[{"@type":"SearchAction","target":{"@type":"EntryPoint","urlTemplate":"https:\/\/tamaratarsis.com\/?s={search_term_string}"},"query-input":{"@type":"PropertyValueSpecification","valueRequired":true,"valueName":"search_term_string"}}],"inLanguage":"pt-PT"},{"@type":"Organization","@id":"https:\/\/tamaratarsis.com\/#organization","name":"Tamara Tarsis","url":"https:\/\/tamaratarsis.com\/","logo":{"@type":"ImageObject","inLanguage":"pt-PT","@id":"https:\/\/tamaratarsis.com\/#\/schema\/logo\/image\/","url":"https:\/\/tamaratarsis.com\/wp-content\/uploads\/2021\/10\/logoLA.png","contentUrl":"https:\/\/tamaratarsis.com\/wp-content\/uploads\/2021\/10\/logoLA.png","width":282,"height":80,"caption":"Tamara Tarsis"},"image":{"@id":"https:\/\/tamaratarsis.com\/#\/schema\/logo\/image\/"},"sameAs":["https:\/\/www.facebook.com\/profile.php?id=61552603379270&mibextid=LQQJ4d","https:\/\/www.instagram.com\/sindi.ludy?igsh=NGVhN2U2NjQ0Yg"]}]}},"_links":{"self":[{"href":"https:\/\/tamaratarsis.com\/index.php\/wp-json\/wp\/v2\/pages\/27","targetHints":{"allow":["GET"]}}],"collection":[{"href":"https:\/\/tamaratarsis.com\/index.php\/wp-json\/wp\/v2\/pages"}],"about":[{"href":"https:\/\/tamaratarsis.com\/index.php\/wp-json\/wp\/v2\/types\/page"}],"author":[{"embeddable":true,"href":"https:\/\/tamaratarsis.com\/index.php\/wp-json\/wp\/v2\/users\/2"}],"replies":[{"embeddable":true,"href":"https:\/\/tamaratarsis.com\/index.php\/wp-json\/wp\/v2\/comments?post=27"}],"version-history":[{"count":37,"href":"https:\/\/tamaratarsis.com\/index.php\/wp-json\/wp\/v2\/pages\/27\/revisions"}],"predecessor-version":[{"id":2132,"href":"https:\/\/tamaratarsis.com\/index.php\/wp-json\/wp\/v2\/pages\/27\/revisions\/2132"}],"wp:attachment":[{"href":"https:\/\/tamaratarsis.com\/index.php\/wp-json\/wp\/v2\/media?parent=27"}],"curies":[{"name":"wp","href":"https:\/\/api.w.org\/{rel}","templated":true}]}}